{"id":125,"date":"2022-03-25T00:50:11","date_gmt":"2022-03-25T00:50:11","guid":{"rendered":"https:\/\/strategicexdev.wpengine.com\/?page_id=125"},"modified":"2025-03-17T20:24:51","modified_gmt":"2025-03-18T01:24:51","slug":"business-education","status":"publish","type":"page","link":"https:\/\/strategicexceptions.com\/es\/se-business-service-center\/business-education\/","title":{"rendered":"Educaci\u00f3n para peque\u00f1as empresas"},"content":{"rendered":"\n<h1>\n\t\tEducational Resources to Grow Your Business\n\t<\/h1>\n\t<p>Watch recordings of webinars and workshops hosted by the Illinois MBDA Business Center.<\/p>\n\t<meta itemscope itemprop=\"mainEntityOfPage\" itemtype=\"https:\/\/schema.org\/WebPage\" itemid=\"http:\/\/8727\" content=\"[PAID ACCESS] Tax Strategies and Financial Readiness Webinar\" \/><meta itemprop=\"datePublished\" content=\"2023-08-02\" \/><meta itemprop=\"dateModified\" content=\"2023-08-02\" \/><meta itemprop=\"name\" content=\"Strategic Exceptions Professional Consulting\"\/><meta itemprop=\"url\" content=\"https:\/\/strategicexceptions.com\/author\/terriesimmons\/\" \/><meta itemprop=\"name\" content=\"Terrie Simmons\" \/><meta itemprop=\"url\" content=\"https:\/\/strategicexceptions.com\/wp-content\/uploads\/Tax-Strategies-Financial-Readiness-1.png\" \/><meta itemprop=\"width\" content=\"2160\" \/><meta itemprop=\"height\" content=\"1080\" \/><meta itemprop=\"interactionType\" content=\"https:\/\/schema.org\/CommentAction\" \/><meta itemprop=\"userInteractionCount\" content=\"0\" \/>\n\t\t\t\t\t<a href=\"https:\/\/strategicexceptions.com\/training\/financial-essentials-2\/\" title=\"[PAID ACCESS] Tax Strategies and Financial Readiness Webinar\"><\/a>\n\t\t\t\t<img loading=\"lazy\" decoding=\"async\" src=\"https:\/\/strategicexceptions.com\/wp-content\/uploads\/Tax-Strategies-Financial-Readiness-1-1024x512.png\" alt=\"Tax Strategies &amp; Financial Readiness (1)\" itemprop=\"image\" data-no-lazy=\"1\" height=\"512\" width=\"1024\" title=\"Tax Strategies &amp; Financial Readiness (1)\" onerror=\"this.style.display='none'\"  \/>\n\t\t\t\t\t\t\t\t\t<h3 itemprop=\"headline\">\n\t\t\t\t\t\t\t\t\t\t\t\t\t\t[PAID ACCESS] Tax Strategies and Financial Readiness Webinar\t\t\t\t\t\t\t\t\t\t\t<\/h3>\n\t\t\tAugust 2, 2023\t\t\t\t\t\t\n    Get ready to optimize your tax strategies and financial readiness! Let&#8217;s ensure your business is well-prepared to make the most of tax-saving opportunities. If you&#8230;\n\t<meta itemscope itemprop=\"mainEntityOfPage\" itemtype=\"https:\/\/schema.org\/WebPage\" itemid=\"http:\/\/8548\" content=\"[PAID ACCESS] Business Financial Essentials\" \/><meta itemprop=\"datePublished\" content=\"2023-04-25\" \/><meta itemprop=\"dateModified\" content=\"2023-11-16\" \/><meta itemprop=\"name\" content=\"Strategic Exceptions Professional Consulting\"\/><meta itemprop=\"url\" content=\"https:\/\/strategicexceptions.com\/author\/terriesimmons\/\" \/><meta itemprop=\"name\" content=\"Terrie Simmons\" \/><meta itemprop=\"url\" content=\"https:\/\/strategicexceptions.com\/wp-content\/uploads\/Business-Essentials.png\" \/><meta itemprop=\"width\" content=\"1080\" \/><meta itemprop=\"height\" content=\"1080\" \/><meta itemprop=\"interactionType\" content=\"https:\/\/schema.org\/CommentAction\" \/><meta itemprop=\"userInteractionCount\" content=\"0\" \/>\n\t\t\t\t\t<a href=\"https:\/\/strategicexceptions.com\/training\/financial-essentials\/\" title=\"[PAID ACCESS] Business Financial Essentials\"><\/a>\n\t\t\t\t<img loading=\"lazy\" decoding=\"async\" src=\"https:\/\/strategicexceptions.com\/wp-content\/uploads\/Business-Essentials-1024x1024.png\" alt=\"Business Essentials\" itemprop=\"image\" data-no-lazy=\"1\" height=\"1024\" width=\"1024\" title=\"Business Essentials\" onerror=\"this.style.display='none'\"  \/>\n\t\t\t\t\t\t\t\t\t<h3 itemprop=\"headline\">\n\t\t\t\t\t\t\t\t\t\t\t\t\t\t[PAID ACCESS] Business Financial Essentials\t\t\t\t\t\t\t\t\t\t\t<\/h3>\n\t\t\tApril 25, 2023\t\t\t\t\t\t\n    Be ready for any business grant, loan, or contract opportunity that comes your way! Let&#8217;s get your business financial ducks in a row so your&#8230;\n\t<meta itemscope itemprop=\"mainEntityOfPage\" itemtype=\"https:\/\/schema.org\/WebPage\" itemid=\"http:\/\/8557\" content=\"Business Building Blocks: Procure Contracts for Your Small Business &#8211; Part 1\" \/><meta itemprop=\"datePublished\" content=\"2023-04-12\" \/><meta itemprop=\"dateModified\" content=\"2023-05-01\" \/><meta itemprop=\"name\" content=\"Strategic Exceptions Professional Consulting\"\/><meta itemprop=\"url\" content=\"https:\/\/strategicexceptions.com\/author\/terriesimmons\/\" \/><meta itemprop=\"name\" content=\"Terrie Simmons\" \/><meta itemprop=\"url\" content=\"https:\/\/strategicexceptions.com\/wp-content\/uploads\/Workshop-1.png\" \/><meta itemprop=\"width\" content=\"816\" \/><meta itemprop=\"height\" content=\"1056\" \/><meta itemprop=\"interactionType\" content=\"https:\/\/schema.org\/CommentAction\" \/><meta itemprop=\"userInteractionCount\" content=\"0\" \/>\n\t\t\t\t\t<a href=\"https:\/\/strategicexceptions.com\/training\/procuring-contracts-for-your-small-business\/\" title=\"Business Building Blocks: Procure Contracts for Your Small Business &#8211; Part 1\"><\/a>\n\t\t\t\t<img loading=\"lazy\" decoding=\"async\" src=\"https:\/\/strategicexceptions.com\/wp-content\/uploads\/Workshop-1.png\" alt=\"Workshop 1\" itemprop=\"image\" data-no-lazy=\"1\" height=\"1056\" width=\"816\" title=\"Workshop 1\" onerror=\"this.style.display='none'\"  \/>\n\t\t\t\t\t\t\t\t\t<h3 itemprop=\"headline\">\n\t\t\t\t\t\t\t\t\t\t\t\t\t\tBusiness Building Blocks: Procure Contracts for Your Small Business &#8211; Part 1\t\t\t\t\t\t\t\t\t\t\t<\/h3>\n\t\t\tApril 12, 2023\t\t\t\t\t\t\n    Position your small business to access multiple new opportunities for businesses to procure contracts and secure federal, state, and local grants. Come GET YOUR PAPERWORK&#8230;\n\t<meta itemscope itemprop=\"mainEntityOfPage\" itemtype=\"https:\/\/schema.org\/WebPage\" itemid=\"http:\/\/8544\" content=\"[PAID ACCESS] Business Credit Essentials\" \/><meta itemprop=\"datePublished\" content=\"2022-10-17\" \/><meta itemprop=\"dateModified\" content=\"2023-04-26\" \/><meta itemprop=\"name\" content=\"Strategic Exceptions Professional Consulting\"\/><meta itemprop=\"url\" content=\"https:\/\/strategicexceptions.com\/author\/terriesimmons\/\" \/><meta itemprop=\"name\" content=\"Terrie Simmons\" \/><meta itemprop=\"url\" content=\"https:\/\/strategicexceptions.com\/wp-content\/uploads\/business-CREDIT-ESSENTIALS-1.png\" \/><meta itemprop=\"width\" content=\"1080\" \/><meta itemprop=\"height\" content=\"1080\" \/><meta itemprop=\"interactionType\" content=\"https:\/\/schema.org\/CommentAction\" \/><meta itemprop=\"userInteractionCount\" content=\"0\" \/>\n\t\t\t\t\t<a href=\"https:\/\/strategicexceptions.com\/training\/business-credit-essentials-workshop\/\" title=\"[PAID ACCESS] Business Credit Essentials\"><\/a>\n\t\t\t\t<img loading=\"lazy\" decoding=\"async\" src=\"https:\/\/strategicexceptions.com\/wp-content\/uploads\/business-CREDIT-ESSENTIALS-1-1024x1024.png\" alt=\"Business Credit Essentials Flyer\" itemprop=\"image\" data-no-lazy=\"1\" height=\"1024\" width=\"1024\" title=\"business CREDIT ESSENTIALS (1)\" onerror=\"this.style.display='none'\"  \/>\n\t\t\t\t\t\t\t\t\t<h3 itemprop=\"headline\">\n\t\t\t\t\t\t\t\t\t\t\t\t\t\t[PAID ACCESS] Business Credit Essentials\t\t\t\t\t\t\t\t\t\t\t<\/h3>\n\t\t\tOctober 17, 2022\t\t\t\t\t\t\n    Has your business ever been denied a business loan because your financial paperwork wasn&#8217;t in order? We want to help you, as a new or&#8230;\n\t<meta itemscope itemprop=\"mainEntityOfPage\" itemtype=\"https:\/\/schema.org\/WebPage\" itemid=\"http:\/\/8542\" content=\"\u00bfQu\u00e9 Significa \"Incorporar\" un Negocio?&#8221;\" \/><meta itemprop=\"datePublished\" content=\"2022-09-13\" \/><meta itemprop=\"dateModified\" content=\"2023-04-05\" \/><meta itemprop=\"name\" content=\"Strategic Exceptions Professional Consulting\"\/><meta itemprop=\"url\" content=\"https:\/\/strategicexceptions.com\/author\/terriesimmons\/\" \/><meta itemprop=\"name\" content=\"Terrie Simmons\" \/><meta itemprop=\"url\" content=\"https:\/\/strategicexceptions.com\/wp-content\/uploads\/CONTRACTOR-SUBCONTRACTOR-1.png\" \/><meta itemprop=\"width\" content=\"1545\" \/><meta itemprop=\"height\" content=\"2000\" \/><meta itemprop=\"interactionType\" content=\"https:\/\/schema.org\/CommentAction\" \/><meta itemprop=\"userInteractionCount\" content=\"0\" \/>\n\t\t\t\t\t<a href=\"https:\/\/strategicexceptions.com\/training\/key-factors-contracts-2\/\" title=\"\u00bfQu\u00e9 Significa \"Incorporar\" un Negocio?&#8221;\"><\/a>\n\t\t\t\t<img loading=\"lazy\" decoding=\"async\" src=\"https:\/\/strategicexceptions.com\/wp-content\/uploads\/CONTRACTOR-SUBCONTRACTOR-1-1024x1326.png\" alt=\"CONTRACTOR &amp; SUBCONTRACTOR (1)\" itemprop=\"image\" data-no-lazy=\"1\" height=\"1326\" width=\"1024\" title=\"CONTRACTOR &amp; SUBCONTRACTOR (1)\" onerror=\"this.style.display='none'\"  \/>\n\t\t\t\t\t\t\t\t\t<h3 itemprop=\"headline\">\n\t\t\t\t\t\t\t\t\t\t\t\t\t\t\u00bfQu\u00e9 Significa &#8220;Incorporar&#8221; un Negocio?&#8221;\t\t\t\t\t\t\t\t\t\t\t<\/h3>\n\t\t\tSeptember 13, 2022\t\t\t\t\t\t\n    El seminario web cubrir\u00e1 lo que significa &#8220;incorporar&#8221; un negocio en Illinois. La informaci\u00f3n incluir\u00e1 una explicaci\u00f3n de los pros y los contras de la&#8230;\n\t<meta itemscope itemprop=\"mainEntityOfPage\" itemtype=\"https:\/\/schema.org\/WebPage\" itemid=\"http:\/\/8539\" content=\"Contractor &#038; Subcontractor &#8211; How to review key factors in subcontractor &#038; general contractor contracts\" \/><meta itemprop=\"datePublished\" content=\"2022-08-17\" \/><meta itemprop=\"dateModified\" content=\"2023-04-05\" \/><meta itemprop=\"name\" content=\"Strategic Exceptions Professional Consulting\"\/><meta itemprop=\"url\" content=\"https:\/\/strategicexceptions.com\/author\/terriesimmons\/\" \/><meta itemprop=\"name\" content=\"Terrie Simmons\" \/><meta itemprop=\"url\" content=\"https:\/\/strategicexceptions.com\/wp-content\/uploads\/CONTRACTOR-SUBCONTRACTOR.png\" \/><meta itemprop=\"width\" content=\"1545\" \/><meta itemprop=\"height\" content=\"2000\" \/><meta itemprop=\"interactionType\" content=\"https:\/\/schema.org\/CommentAction\" \/><meta itemprop=\"userInteractionCount\" content=\"0\" \/>\n\t\t\t\t\t<a href=\"https:\/\/strategicexceptions.com\/training\/key-factors-contracts\/\" title=\"Contractor &#038; Subcontractor &#8211; How to review key factors in subcontractor &#038; general contractor contracts\"><\/a>\n\t\t\t\t<img loading=\"lazy\" decoding=\"async\" src=\"https:\/\/strategicexceptions.com\/wp-content\/uploads\/CONTRACTOR-SUBCONTRACTOR-1024x1326.png\" alt=\"CONTRACTOR &amp; SUBCONTRACTOR\" itemprop=\"image\" data-no-lazy=\"1\" height=\"1326\" width=\"1024\" title=\"CONTRACTOR &amp; SUBCONTRACTOR\" onerror=\"this.style.display='none'\"  \/>\n\t\t\t\t\t\t\t\t\t<h3 itemprop=\"headline\">\n\t\t\t\t\t\t\t\t\t\t\t\t\t\tContractor &#038; Subcontractor &#8211; How to review key factors in subcontractor &#038; general contractor contracts\t\t\t\t\t\t\t\t\t\t\t<\/h3>\n\t\t\tAugust 17, 2022\t\t\t\t\t\t\n    We hosted attorney Noeli Serna on August 17, 2022 as she presented a webinar on subcontractor and general contractor contracts. Noeli Serna is the Founding&#8230;\n\t<meta itemscope itemprop=\"mainEntityOfPage\" itemtype=\"https:\/\/schema.org\/WebPage\" itemid=\"http:\/\/8536\" content=\"Workshop: \u00bfDe qu\u00e9 se trata todo ese papeleo de subvenci\u00f3n?\" \/><meta itemprop=\"datePublished\" content=\"2022-06-30\" \/><meta itemprop=\"dateModified\" content=\"2023-04-14\" \/><meta itemprop=\"name\" content=\"Strategic Exceptions Professional Consulting\"\/><meta itemprop=\"url\" content=\"https:\/\/strategicexceptions.com\/author\/terriesimmons\/\" \/><meta itemprop=\"name\" content=\"Terrie Simmons\" \/><meta itemprop=\"url\" content=\"https:\/\/strategicexceptions.com\/wp-content\/uploads\/De-que-se-trata-todo-ese-papeleo-de-subvencion..jpg\" \/><meta itemprop=\"width\" content=\"1352\" \/><meta itemprop=\"height\" content=\"592\" \/><meta itemprop=\"interactionType\" content=\"https:\/\/schema.org\/CommentAction\" \/><meta itemprop=\"userInteractionCount\" content=\"0\" \/>\n\t\t\t\t\t<a href=\"https:\/\/strategicexceptions.com\/training\/grant-paperwork-2\/\" title=\"Workshop: \u00bfDe qu\u00e9 se trata todo ese papeleo de subvenci\u00f3n?\"><\/a>\n\t\t\t\t<img loading=\"lazy\" decoding=\"async\" src=\"https:\/\/strategicexceptions.com\/wp-content\/uploads\/De-que-se-trata-todo-ese-papeleo-de-subvencion.-1024x448.jpg\" alt=\"De qu\u00e9 se trata todo ese papeleo de subvenci\u00f3n.\" itemprop=\"image\" data-no-lazy=\"1\" height=\"448\" width=\"1024\" title=\"De qu\u00e9 se trata todo ese papeleo de subvenci\u00f3n.\" onerror=\"this.style.display='none'\"  \/>\n\t\t\t\t\t\t\t\t\t<h3 itemprop=\"headline\">\n\t\t\t\t\t\t\t\t\t\t\t\t\t\tWorkshop: \u00bfDe qu\u00e9 se trata todo ese papeleo de subvenci\u00f3n?\t\t\t\t\t\t\t\t\t\t\t<\/h3>\n\t\t\tJune 30, 2022\t\t\t\t\t\t\n    \u00bfDe qu\u00e9 se tratan todos esos documentos para el subsidio? \u00bfQuiere saber m\u00e1s sobre c\u00f3mo solicitar subvenciones y tramitarlos? Nosotros estaremos conversando con Liseth Manzo,&#8230;\n\t<meta itemscope itemprop=\"mainEntityOfPage\" itemtype=\"https:\/\/schema.org\/WebPage\" itemid=\"http:\/\/8435\" content=\"What&#8217;s All That Grant Paperwork About? How to apply for grants and manage them once you receive them.\" \/><meta itemprop=\"datePublished\" content=\"2022-06-01\" \/><meta itemprop=\"dateModified\" content=\"2022-11-08\" \/><meta itemprop=\"name\" content=\"Strategic Exceptions Professional Consulting\"\/><meta itemprop=\"url\" content=\"https:\/\/strategicexceptions.com\/author\/terriesimmons\/\" \/><meta itemprop=\"name\" content=\"Terrie Simmons\" \/><meta itemprop=\"url\" content=\"https:\/\/strategicexceptions.com\/wp-content\/uploads\/WHATS-ALL-THAT-GRANT-PAPERWORK-ABOUT-1-1.png\" \/><meta itemprop=\"width\" content=\"1545\" \/><meta itemprop=\"height\" content=\"2000\" \/><meta itemprop=\"interactionType\" content=\"https:\/\/schema.org\/CommentAction\" \/><meta itemprop=\"userInteractionCount\" content=\"0\" \/>\n\t\t\t\t\t<a href=\"https:\/\/strategicexceptions.com\/training\/apply-for-grants\/\" title=\"What&#8217;s All That Grant Paperwork About? How to apply for grants and manage them once you receive them.\"><\/a>\n\t\t\t\t<img loading=\"lazy\" decoding=\"async\" src=\"https:\/\/strategicexceptions.com\/wp-content\/uploads\/WHATS-ALL-THAT-GRANT-PAPERWORK-ABOUT-1-1-1024x1326.png\" alt=\"WHAT&#039;S ALL THAT GRANT PAPERWORK ABOUT-2\" itemprop=\"image\" data-no-lazy=\"1\" height=\"1326\" width=\"1024\" title=\"WHAT&#039;S ALL THAT GRANT PAPERWORK ABOUT-2\" onerror=\"this.style.display='none'\"  \/>\n\t\t\t\t\t\t\t\t\t<h3 itemprop=\"headline\">\n\t\t\t\t\t\t\t\t\t\t\t\t\t\tWhat&#8217;s All That Grant Paperwork About? How to apply for grants and manage them once you receive them.\t\t\t\t\t\t\t\t\t\t\t<\/h3>\n\t\t\tJune 1, 2022\t\t\t\t\t\t\n    Join DCEO and IL MBDA Business Center for this virtual workshop to learn about upcoming grants, how to apply for them, and manage them once&#8230;\n\t<meta itemscope itemprop=\"mainEntityOfPage\" itemtype=\"https:\/\/schema.org\/WebPage\" itemid=\"http:\/\/7602\" content=\"What's All That Funding Paperwork About Workshop\" \/><meta itemprop=\"datePublished\" content=\"2022-01-25\" \/><meta itemprop=\"dateModified\" content=\"2022-03-29\" \/><meta itemprop=\"name\" content=\"Strategic Exceptions Professional Consulting\"\/><meta itemprop=\"url\" content=\"https:\/\/strategicexceptions.com\/author\/cindysatinwebsembda\/\" \/><meta itemprop=\"name\" content=\"Cindy\" \/><meta itemprop=\"url\" content=\"https:\/\/strategicexceptions.com\/wp-content\/uploads\/2022\/01\/Whats-All-That-Paperwork-About.png.webp\" \/><meta itemprop=\"width\" content=\"1080\" \/><meta itemprop=\"height\" content=\"1080\" \/><meta itemprop=\"interactionType\" content=\"https:\/\/schema.org\/CommentAction\" \/><meta itemprop=\"userInteractionCount\" content=\"0\" \/>\n\t\t\t\t\t<a href=\"https:\/\/strategicexceptions.com\/training\/whats-all-that-funding-paperwork-about-workshop\/\" title=\"What's All That Funding Paperwork About Workshop\"><\/a>\n\t\t\t\t<img loading=\"lazy\" decoding=\"async\" src=\"https:\/\/strategicexceptions.com\/wp-content\/uploads\/2022\/01\/Whats-All-That-Paperwork-About.png-1024x1024.webp\" alt=\"Whats-All-That-Paperwork-About.png\" itemprop=\"image\" data-no-lazy=\"1\" height=\"1024\" width=\"1024\" title=\"Whats-All-That-Paperwork-About.png\" onerror=\"this.style.display='none'\"  \/>\n\t\t\t\t\t\t\t\t\t<h3 itemprop=\"headline\">\n\t\t\t\t\t\t\t\t\t\t\t\t\t\tWhat&#8217;s All That Funding Paperwork About Workshop\t\t\t\t\t\t\t\t\t\t\t<\/h3>\n\t\t\tJanuary 25, 2022\t\t\t\t\t\t\n    In this &#8216;2.0&#8217; version of the critically acclaimed &#8220;What&#8217;s All That Paperwork Workshop,&#8221; the IL MBDA Business Center President and Strategic Exceptions CEO Terrie Simmons&#8230;\n\t\t\t\t<ul class='page-numbers'>\n\t<li>1<\/li>\n\t<li><a aria-label=\"Page 2\" href=\"https:\/\/strategicexceptions.com\/page\/2\/?page_id=125&#038;fl_builder\">2<\/a><\/li>\n\t<li><a href=\"https:\/\/strategicexceptions.com\/page\/2\/?page_id=125&#038;fl_builder\">Next &raquo;<\/a><\/li>\n<\/ul>\n\t\t<!-- .pp-content-posts -->\n\t<h3>Downloads<\/h3>\n<p><a href=\"https:\/\/strategicexceptions.com\/wp-content\/uploads\/WBENC-Certification-Checklist-IL-MBDA.pdf\" target=\"_blank\" rel=\"noopener nofollow\">WBENC Certification Checklist<\/a><\/p>\n<p><a href=\"https:\/\/strategicexceptions.com\/wp-content\/uploads\/BEP-Certification-Checklist.pdf\">BEP Certification Checklist<\/a><\/p>\n\n","protected":false},"excerpt":{"rendered":"<p>Educational Resources to Grow Your Business Watch recordings of webinars and workshops hosted by the Illinois MBDA Business Center. [PAID ACCESS] Tax Strategies and Financial Readiness Webinar August 2, 2023&hellip;<\/p>\n","protected":false},"author":1,"featured_media":0,"parent":31,"menu_order":0,"comment_status":"closed","ping_status":"closed","template":"page-ilmbda.php","meta":{"inline_featured_image":false,"_themeisle_gutenberg_block_has_review":false,"footnotes":""},"class_list":["post-125","page","type-page","status-publish","hentry"],"featured_image_src":null,"featured_image_src_square":null,"_links":{"self":[{"href":"https:\/\/strategicexceptions.com\/es\/wp-json\/wp\/v2\/pages\/125","targetHints":{"allow":["GET"]}}],"collection":[{"href":"https:\/\/strategicexceptions.com\/es\/wp-json\/wp\/v2\/pages"}],"about":[{"href":"https:\/\/strategicexceptions.com\/es\/wp-json\/wp\/v2\/types\/page"}],"author":[{"embeddable":true,"href":"https:\/\/strategicexceptions.com\/es\/wp-json\/wp\/v2\/users\/1"}],"replies":[{"embeddable":true,"href":"https:\/\/strategicexceptions.com\/es\/wp-json\/wp\/v2\/comments?post=125"}],"version-history":[{"count":0,"href":"https:\/\/strategicexceptions.com\/es\/wp-json\/wp\/v2\/pages\/125\/revisions"}],"up":[{"embeddable":true,"href":"https:\/\/strategicexceptions.com\/es\/wp-json\/wp\/v2\/pages\/31"}],"wp:attachment":[{"href":"https:\/\/strategicexceptions.com\/es\/wp-json\/wp\/v2\/media?parent=125"}],"curies":[{"name":"wp","href":"https:\/\/api.w.org\/{rel}","templated":true}]}}