{"id":31,"date":"2022-03-23T00:09:43","date_gmt":"2022-03-23T00:09:43","guid":{"rendered":"https:\/\/strategicexdev.wpengine.com\/?page_id=31"},"modified":"2025-12-15T12:19:05","modified_gmt":"2025-12-15T18:19:05","slug":"se-business-service-center","status":"publish","type":"page","link":"https:\/\/strategicexceptions.com\/es\/se-business-service-center\/","title":{"rendered":"SEBSC Home Page"},"content":{"rendered":"<h1>\n\t\t\tThe Strategic Exceptions Business Service Center Promotes Growth and Global Competitiveness\t<\/h1>\n\t\t\t\t<img decoding=\"async\" src=\"https:\/\/strategicexceptions.com\/wp-content\/uploads\/2022\/04\/vert-ILMBDA-Adobe_273298469.jpg\" alt=\"People working around table\" itemprop=\"image\" height=\"598\" width=\"450\" title=\"Gente trabajando alrededor de la mesa\" onerror=\"this.style.display='none'\" loading=\"lazy\">\n<h3>\n\t\t\tAccess personalized consulting to boost your business and build capacity.\t<\/h3>\n\t<strong>\u00bfQUIENES SOMOS?<\/strong> The Strategic Exceptions Business Service Center (SEBSC), operated by Strategic Exceptions Professional Consulting Inc., supports clients in Technology, Business<br>\nReadiness, and Community Service.\n<p><strong>\u00bfQU\u00c9 HACEMOS?<\/strong> We drive business growth and global competitiveness by providing development and capacity building services, helping clients obtain capital, enter new markets, compete for contracts, and form strategic partnerships.<\/p>\n<p><strong>\u00bfA QUI\u00c9N SERVIMOS?<\/strong> While we serve all businesses and communities.<\/p>\n\t\t\t<a href=\"\/join-il-mbda\/\" target=\"_self\">\n\t\t\t\t\t\t\tConvi\u00e9rtase en un cliente\n\t\t\t\t\t<\/a>\n\t\t\t<a href=\"https:\/\/strategicexceptions.com\/il-mbda-new-partner-registration\/\" target=\"_self\">\n\t\t\t\t\t\t\tJOIN OUR MEMBERSHIP\n\t\t\t\t\t<\/a>\n\t\t\t<a href=\"https:\/\/strategicexceptions.com\/annual-sponsorship\/\" target=\"_self\">\n\t\t\t\t\t\t\tBecome a Sponsor\n\t\t\t\t\t<\/a>\n<h2>\n\t\t\tBecome a client today! Accessing programs and services is easy.\t<\/h2>\n\t<p>The Strategic Exceptions Business Service Center (SEBSC) promotes the growth and global competitiveness of small businesses through business development and capacity building. We help our clients:<\/p>\n<ul>\n<li>capital seguro,<\/li>\n<li>acceder a nuevos mercados,<\/li>\n<li>competir por contratos, y<\/li>\n<li>realizar socios estrat\u00e9gicos y movimientos comerciales.<\/li>\n<\/ul>\n<p>We deliver services that are community based, culturally aware, and customized to align with the needs of Illinois&#8217; business communities. We serve English and Spanish speakers.<\/p>\n<p>\u00a1Hazte cliente para acceder a nuestros programas y servicios! <strong><a href=\"\/join-il-mbda\/\">Complete el formulario de admisi\u00f3n de clientes<\/a><\/strong> y alguien se comunicar\u00e1 con usted dentro de dos d\u00edas h\u00e1biles. Realizaremos una evaluaci\u00f3n para desarrollar un enfoque personalizado y adaptado para respaldar el crecimiento de su negocio.<\/p>\n\t\t\t\t<img decoding=\"async\" src=\"https:\/\/strategicexceptions.com\/wp-content\/uploads\/2022\/04\/diverse-business-team-project-sm.jpg\" alt=\"Diverse team with woman leading work on a project\" itemprop=\"image\" height=\"330\" width=\"495\" title=\"Diversos colegas trabajando juntos en un proyecto liderado por una mujer africana\" onerror=\"this.style.display='none'\" loading=\"lazy\">\n<h3>\n\t\t\tBecome a client to access our programs and services &#8211; with support for English and Spanish speakers!\t<\/h3>\n\t\t\t<a href=\"https:\/\/strategicexceptions.com\/illinois-mbda\/join-il-mbda\/\" role=\"button\" target=\"_self\" onclick=\"\">\n\t\t\t\t\t\t\t\t\t\t\t\t\t\t\t\t\t\t\t\t\t\t\u00a1Empezar ahora!\n\t\t\t\t\t\t\t<\/a>\n\t\t\t<a href=\"https:\/\/strategicexceptions.com\/illinois-mbda\/business-support-services\/\" role=\"button\" target=\"_self\" onclick=\"\">\n\t\t\t\t\t\t\t\t\t\t\t\t\t\t\t\t\t\t\t\t\t\tAprende m\u00e1s\n\t\t\t\t\t\t\t<\/a>\n<h2>\n\t\t\tPr\u00f3ximos Eventos\t<\/h2>\n\t\t<p>Sorry, we couldn&#8217;t find any posts. Please try a different search.<\/p>\n\t\t\t\t<form aria-label=\"Search\" method=\"get\" role=\"search\" action=\"https:\/\/strategicexceptions.com\/\" title=\"Type and press Enter to search.\" data-trp-original-action=\"https:\/\/strategicexceptions.com\/\">\n\t<input aria-label=\"Search\" type=\"search\" name=\"s\" placeholder=\"Search\" value=\"\" onfocus=\"if (this.value === 'Search') { this.value = ''; }\" onblur=\"if (this.value === '') this.value='Search';\">\n<input type=\"hidden\" name=\"trp-form-language\" value=\"es\"\/><\/form>\n<h2>\n\t\t\tWhy Partner with the SEBSC?\t<\/h2>\n\t<ul>\n<li>Technology: Leveraging advanced tools and solutions to enhance business processes, digital presence, and operational efficiency.<\/li>\n<li>Business Readiness: Preparing organizations to compete and thrive through strategic planning, partnership development, and comprehensive assessments.<\/li>\n<li>Community Service: Engaging with and supporting communities through targeted outreach, enrichment programming, and development initiatives.<\/li>\n<\/ul>\n\t\t\t<a href=\"https:\/\/strategicexceptions.com\/il-mbda-new-partner-registration\/\" target=\"_self\">\n\t\t\t\t\t\t\tSaber m\u00e1s\n\t\t\t\t\t<\/a>\n<h2>\n\t\t\tSEBSC Partners\t<\/h2>\n        \t<a href=\"https:\/\/ilbcc.org\/\" target=\"_blank\" rel=\"nofollow noopener\">            \n\t\t\t\t\t\t<img decoding=\"async\" src=\"https:\/\/strategicexceptions.com\/wp-content\/uploads\/2022\/04\/IL-State-Black-Chamber-Commerce.png\" alt=\"Illinois State Black Chamber of Commerce\" data-no-lazy=\"1\">\t\t\t\t\t\n                            <p>C\u00e1mara de Comercio Negra del Estado de Illinois<\/p>\n            <\/a>\t\t\n        \t<a href=\"https:\/\/www.nationalbcc.org\/\" target=\"_blank\" rel=\"nofollow noopener\">            \n\t\t\t\t\t\t<img decoding=\"async\" src=\"https:\/\/strategicexceptions.com\/wp-content\/uploads\/2022\/04\/NBCC-partner-logo.png\" alt=\"National Black Chamber of Commerce\" data-no-lazy=\"1\">\t\t\t\t\t\n                            <p>C\u00e1mara Nacional de Comercio Negra<\/p>\n            <\/a>\t\t\n        \t<a href=\"http:\/\/www.ahcc-il.com\/\" target=\"_blank\" rel=\"nofollow noopener\">            \n\t\t\t\t\t\t<img decoding=\"async\" src=\"https:\/\/strategicexceptions.com\/wp-content\/uploads\/2022\/04\/Aurora-Hispanic-Chamb-Commerce.png\" alt=\"Aurora Regional Hispanic Chamber of Commerce\" data-no-lazy=\"1\">\t\t\t\t\t\n                            <p>C\u00e1mara Regional de Comercio Hispana de Aurora<\/p>\n            <\/a>\t\t\n\t<p>No person in the United States shall, on the basis of sex, be excluded from participation in, be denied the benefits of, or be subject to discrimination under any educational program or activity receiving Federal financial assistance.<\/p>\n\n\n\n<p><\/p>","protected":false},"excerpt":{"rendered":"<p>The Strategic Exceptions Business Service Center Promotes Growth and Global Competitiveness Access personalized consulting to boost your business and build capacity. WHO ARE WE? The Strategic Exceptions Business Service Center&hellip;<\/p>","protected":false},"author":1,"featured_media":0,"parent":0,"menu_order":0,"comment_status":"closed","ping_status":"closed","template":"page-ilmbda.php","meta":{"inline_featured_image":false,"_themeisle_gutenberg_block_has_review":false,"footnotes":""},"class_list":["post-31","page","type-page","status-publish","hentry"],"featured_image_src":null,"featured_image_src_square":null,"_links":{"self":[{"href":"https:\/\/strategicexceptions.com\/es\/wp-json\/wp\/v2\/pages\/31","targetHints":{"allow":["GET"]}}],"collection":[{"href":"https:\/\/strategicexceptions.com\/es\/wp-json\/wp\/v2\/pages"}],"about":[{"href":"https:\/\/strategicexceptions.com\/es\/wp-json\/wp\/v2\/types\/page"}],"author":[{"embeddable":true,"href":"https:\/\/strategicexceptions.com\/es\/wp-json\/wp\/v2\/users\/1"}],"replies":[{"embeddable":true,"href":"https:\/\/strategicexceptions.com\/es\/wp-json\/wp\/v2\/comments?post=31"}],"version-history":[{"count":0,"href":"https:\/\/strategicexceptions.com\/es\/wp-json\/wp\/v2\/pages\/31\/revisions"}],"wp:attachment":[{"href":"https:\/\/strategicexceptions.com\/es\/wp-json\/wp\/v2\/media?parent=31"}],"curies":[{"name":"wp","href":"https:\/\/api.w.org\/{rel}","templated":true}]}}