{"id":7675,"date":"2022-03-30T21:11:32","date_gmt":"2022-03-30T21:11:32","guid":{"rendered":"https:\/\/strategicexdev.wpengine.com\/?page_id=7675"},"modified":"2025-10-30T20:04:58","modified_gmt":"2025-10-31T01:04:58","slug":"about","status":"publish","type":"page","link":"https:\/\/strategicexceptions.com\/es\/about\/","title":{"rendered":"Sobre"},"content":{"rendered":"<h1>\n\t\t\tAcerca de las excepciones estrat\u00e9gicas\t<\/h1>\n<h2>\n\t\t\tImpulsando resultados a trav\u00e9s de personas y procesos\t<\/h2>\n\t<p>Strategic Exceptions Professional Consulting, Inc. is an education and training company that utilizes effective and efficient strategies to support corporations, small businesses, not-for-profit organizations, and individuals. We are also the former operators of the Illinois MBDA Business Center and the founder company of the Lewis Simmons Foundation.<\/p>\n<p>Ayudamos a nuestros clientes a crecer al proporcionar los siguientes servicios: desarrollo profesional y talleres y capacitaciones de liderazgo, desarrollo de estrategias comerciales y redacci\u00f3n de subvenciones y estrategias para organizaciones sin fines de lucro.<\/p>\n\t\t\t\t<img decoding=\"async\" src=\"https:\/\/strategicexceptions.com\/wp-content\/uploads\/2022\/04\/strategy-post-it-notes-closeup.jpg\" alt=\"Two women strategizing with post-it notes on a glass wall\" itemprop=\"image\" height=\"832\" width=\"626\" title=\"Empresaria creativa escribiendo en notas adhesivas en una pared de vidrio,\" onerror=\"this.style.display='none'\" loading=\"lazy\" \/>\n<h2>\n\t\t\tConozca a nuestra fundadora, Terrie Simmons\t<\/h2>\n<h4>\n\t\t\tCEO, Excepciones Estrat\u00e9gicas\t<\/h4>\n\t\t\t\t<img decoding=\"async\" src=\"https:\/\/strategicexceptions.com\/wp-content\/uploads\/2022\/04\/Terrie-Simmons-consultant.jpg\" alt=\"Strategic business consultant Terrie Simmons\" itemprop=\"image\" height=\"433\" width=\"926\" title=\"Terrie-Simmons-consultora\" onerror=\"this.style.display='none'\" loading=\"lazy\" \/>\n\t<p>Terrie es una innovadora estrat\u00e9gica, oradora de empoderamiento galardonada a nivel nacional, emprendedora en serie, autora, l\u00edder c\u00edvica y conectora que ayuda a las personas desatendidas a generar riqueza y trazar caminos profesionales, personales y comerciales exitosos.<\/p>\n<p>Es mentora de m\u00e1s de 30 mujeres en todo el pa\u00eds y llega a hombres y mujeres de todo el mundo a trav\u00e9s de sus plataformas de redes sociales y su programa de empoderamiento &quot;Terrie Talks Tea&quot;.<\/p>\n<p>With over 30 years of building success in corporate and business environments, Terrie is the owner and CEO of Strategic Exceptions Professional Consulting, Inc. (SEPCI), a nationally certified Woman Owned Business and Minority Business Enterprise, former Operator of the Illinois Minority Business Development Agency (IL MBDA) Business Center, and owner of the Strategic Exceptions Business Service Center (SEBSC).<\/p>\n\t\t\t<a href=\"\/team-member\/terrie-simmons\/\" target=\"_self\">\n\t\t\t\t\t\t\tM\u00e1s informaci\u00f3n sobre Terrie\n\t\t\t\t\t<\/a>\n<h3>\n\t\t\tPremios notables\t<\/h3>\n\t<ul>\n\t\t\t<li>\n\t\t\t\tPremio a la excelencia empresarial Business Ledger por apoyo a los emprendedores, Daily Harald\n\t\t\t<\/li>\n\t\t\t<li>\n\t\t\t\tPremio Wintrust Act of Kindness, Aurora Bank and Trust\n\t\t\t<\/li>\n\t\t\t<li>\n\t\t\t\tPremio Status of Women 2020, Top Ladies of Distinction\n\t\t\t<\/li>\n\t\t\t<li>\n\t\t\t\tRolling Out Magazine Sisters with Superpowers 2023\n\t\t\t<\/li>\n\t\t\t<li>\n\t\t\t\tQuad County Urban League Women of Influence 2023\n\t\t\t<\/li>\n\t\t<\/ul>\n<h3>\n\t\t\tmembres\u00edas\t<\/h3>\n\t<ul>\n\t\t\t<li>\n\t\t\t\tSecretos del \u00e9xito de las mujeres emprendedoras (<a href=\"https:\/\/www.wesosnetwork.com\/illinois\/aurora\/%EF%BB%BFgeneral\/terrie-simmons\" target=\"_blank\" rel=\"noopener\">WESOS<\/a>)\n\t\t\t<\/li>\n\t\t\t<li>\n\t\t\t\tC\u00e1mara de Comercio Afroamericana del Condado de Quad (<a href=\"http:\/\/quadcountyaachamber.chambermaster.com\/list\/member\/strategic-exceptions-1296\" target=\"_blank\" rel=\"noopener\">QCAACC<\/a>)\n\t\t\t<\/li>\n\t\t\t<li>\n\t\t\t\tC\u00e1mara de Comercio Negra del Estado de Illinois (<a href=\"https:\/\/ilbcc.org\/\" target=\"_blank\" rel=\"noopener\">ILBCC<\/a>)\n\t\t\t<\/li>\n\t\t<\/ul>\n<h2>\n\t\t\tMeet Regina Smith\t<\/h2>\n<h4>\n\t\t\tExecutive Director of Programs\t<\/h4>\n\t<p>Regina serves as the Executive Director of Programs. She is a visionary leader with a relentless drive for program growth and a passion for fostering meaningful connections in the realm of workforce development. She has a Doctor of Education in Ethical Leadership and is known for her strategic acumen and ability to deliver tangible results. With a career spanning leadership roles in workforce development and stakeholder collaboration, she has had a front-row seat to the need for economic education, resource availability and allocations dedicated to the prosperity of minority-owned businesses.<\/p>\n<p>Dr. Smith&#8217;s expertise extends across various domains including staff management, project management, and budget oversight. She possesses a keen understanding of workforce pipeline development across various industries tailored to meet workforce demands. Her adeptness in fostering collaboration both within and beyond organizational boundaries has proven to be instrumental in driving operational excellence and achieving programmatic success.<\/p>\n\t\t\t\t<img decoding=\"async\" src=\"https:\/\/strategicexceptions.com\/wp-content\/uploads\/IMG_1141-scaled.jpg\" alt=\"IMG_1141\" itemprop=\"image\" height=\"2560\" width=\"1756\" title=\"IMG_1141\" onerror=\"this.style.display='none'\" loading=\"lazy\" \/>\n\t\t\t<a href=\"\/team-member\/regina-smith\/\" target=\"_self\">\n\t\t\t\t\t\t\tLearn more about Regina\n\t\t\t\t\t<\/a>\n<h2>\n\t\t\tLa historia de las excepciones estrat\u00e9gicas\t<\/h2>\n\t\t\t\t<img decoding=\"async\" src=\"https:\/\/strategicexceptions.com\/wp-content\/uploads\/2021\/12\/The-Woodforest-Foundry.jpg\" alt=\"The Woodforest Foundry\" itemprop=\"image\" height=\"1125\" width=\"1500\" title=\"La fundici\u00f3n Woodforest\" onerror=\"this.style.display='none'\" loading=\"lazy\" \/>\n\t<p>Strategic Exceptions Professional Consulting Inc. (SEPCI) is an education and training company that utilizes effective and efficient strategies to support corporations, small businesses, not-for-profit organizations, and individuals. We are also the former operators of the <a href=\"https:\/\/strategicexceptions.com\/illinois-mbda\/\">Centro de negocios MBDA de Illinois<\/a> and the founder company of the <a href=\"https:\/\/strategicexceptions.com\/ls-foundation\/\">Fundaci\u00f3n Lewis Simmons<\/a>.<\/p>\n<p>Apoyamos a corporaciones, peque\u00f1as empresas, organizaciones sin fines de lucro e individuos a trav\u00e9s de talleres y capacitaciones de desarrollo profesional y liderazgo, desarrollo de estrategias comerciales y redacci\u00f3n de estrategias y subvenciones para organizaciones sin fines de lucro.<\/p>\n\t<p>En 2014, nuestra directora ejecutiva, Terrie Simmons, junto con otros 3 l\u00edderes comunitarios y propietarios de negocios se reunieron con el director ejecutivo de WBDC Chicago y acordaron un plan para crear un programa para atender a mujeres y propietarios de empresas pertenecientes a minor\u00edas en Aurora, IL.<\/p>\n<p>A partir de esta colaboraci\u00f3n, la Administraci\u00f3n de Peque\u00f1as Empresas (SBA) otorg\u00f3 1 de 2 subvenciones para el programa SCALE up a Aurora. El \u00e9xito del programa result\u00f3 en una segunda subvenci\u00f3n de la SBA al a\u00f1o siguiente para crear un Centro de Negocios para Mujeres en Aurora, IL. El programa fue creado y ejecutado por el entonces l\u00edder corporativo y Gerente de Asuntos Externos, Terrie Simmons, como un piloto del CEO de Commonwealth Edison creando un modelo de asociaci\u00f3n social comunitaria y corporativa.<\/p>\n<p>Despu\u00e9s de dejar la Am\u00e9rica corporativa en 2017, Terrie demostr\u00f3 que est\u00e1 bien versada en estrategias para mejorar el crecimiento, la expansi\u00f3n y el desarrollo de capacidades de las empresas; y ha demostrado resultados al tratar los problemas espec\u00edficos que enfrentan las empresas comerciales.<\/p>\n<p>Como directora de WBC, Terrie ayud\u00f3 a las empresas a asegurar m\u00e1s de $5M en capital y ayud\u00f3 a m\u00e1s de 500 clientes al a\u00f1o. Tambi\u00e9n administr\u00f3 y tuvo la administraci\u00f3n de m\u00e1s de $2M en subvenciones y ayud\u00f3 a lanzar 30 nuevas empresas.<\/p>\n<p>Dirigi\u00f3 el centro hasta 2020 cuando pas\u00f3 a ser propietaria de SEPCI a tiempo completo. El WBDC Chicago contrat\u00f3 a SEPCI en 2020 para ejecutar el programa WBC Cares Act hasta el 31 de abril de 2021. Durante esos 10 meses, Terrie atendi\u00f3 a m\u00e1s de 275 clientes, ayud\u00f3 a crear casi 200 puestos de trabajo y asegur\u00f3 el acceso a $300,000.00 en capital.<\/p>\n<p>Strategic Exceptions ahora brinda servicios a empresas minoritarias a trav\u00e9s de consultor\u00eda comercial estrat\u00e9gica (estrategia comercial y capacitaci\u00f3n, capacitaci\u00f3n para el desarrollo de la fuerza laboral, documentaci\u00f3n de procesos y declaraciones de capacidad), redacci\u00f3n de subvenciones y orientaci\u00f3n para obtener la certificaci\u00f3n comercial minoritaria.<\/p>\n<p>Desde su inicio, SEPCI se ha asociado con organizaciones gubernamentales locales, federales y estatales, como la Oficina del Sheriff del Condado de Kane, la Agencia de Desarrollo de Empresas Minoritarias y la Asociaci\u00f3n del Centro de Wheaton. Ahora trabajamos a diario con nuestros socios comerciales, como el Centro de desarrollo empresarial para mujeres Aurora, WoodForest National Bank Foundry, la Universidad de Aurora, Small Business Accounting Services Aurora, Talented Tenth Social Services y Nicor Gas.<\/p>\n\t\t\t<a href=\"\/services\/\" target=\"_self\">\n\t\t\t\t\t\t\tDescubra c\u00f3mo las Excepciones estrat\u00e9gicas pueden ayudar a que su empresa crezca\n\t\t\t\t\t<\/a>\n\t\t\t\t<img decoding=\"async\" src=\"https:\/\/strategicexceptions.com\/wp-content\/uploads\/Joliet.jpg\" alt=\"Joliet\" itemprop=\"image\" height=\"1536\" width=\"2048\" title=\"Joliet\" onerror=\"this.style.display='none'\" loading=\"lazy\" \/>","protected":false},"excerpt":{"rendered":"<p>Acerca de Strategic Exceptions Impulsando resultados a trav\u00e9s de personas y procesos Strategic Exceptions Professional Consulting, Inc. es una empresa de educaci\u00f3n y capacitaci\u00f3n que utiliza estrategias efectivas y eficientes para apoyar a corporaciones, peque\u00f1as...<\/p>","protected":false},"author":1,"featured_media":0,"parent":0,"menu_order":0,"comment_status":"closed","ping_status":"closed","template":"","meta":{"inline_featured_image":false,"_themeisle_gutenberg_block_has_review":false,"footnotes":""},"class_list":["post-7675","page","type-page","status-publish","hentry"],"featured_image_src":null,"featured_image_src_square":null,"_links":{"self":[{"href":"https:\/\/strategicexceptions.com\/es\/wp-json\/wp\/v2\/pages\/7675","targetHints":{"allow":["GET"]}}],"collection":[{"href":"https:\/\/strategicexceptions.com\/es\/wp-json\/wp\/v2\/pages"}],"about":[{"href":"https:\/\/strategicexceptions.com\/es\/wp-json\/wp\/v2\/types\/page"}],"author":[{"embeddable":true,"href":"https:\/\/strategicexceptions.com\/es\/wp-json\/wp\/v2\/users\/1"}],"replies":[{"embeddable":true,"href":"https:\/\/strategicexceptions.com\/es\/wp-json\/wp\/v2\/comments?post=7675"}],"version-history":[{"count":0,"href":"https:\/\/strategicexceptions.com\/es\/wp-json\/wp\/v2\/pages\/7675\/revisions"}],"wp:attachment":[{"href":"https:\/\/strategicexceptions.com\/es\/wp-json\/wp\/v2\/media?parent=7675"}],"curies":[{"name":"wp","href":"https:\/\/api.w.org\/{rel}","templated":true}]}}