{"id":7976,"date":"2022-04-05T21:41:01","date_gmt":"2022-04-05T21:41:01","guid":{"rendered":"https:\/\/strategicexdev.wpengine.com\/?page_id=7976"},"modified":"2022-05-04T00:32:15","modified_gmt":"2022-05-04T00:32:15","slug":"services","status":"publish","type":"page","link":"https:\/\/strategicexceptions.com\/es\/services\/","title":{"rendered":"Servicios"},"content":{"rendered":"<h1>\n\t\tAyudando a empresas, profesionales y comunidades a crecer\n\t<\/h1>\n\t\t\t\t<img loading=\"lazy\" decoding=\"async\" src=\"https:\/\/strategicexceptions.com\/wp-content\/uploads\/SE-Services-hi-res2__245708645-Adobe.jpg\" alt=\"Portrait of diverse young professionals\" itemprop=\"image\" height=\"424\" width=\"1000\" onerror=\"this.style.display='none'\"  \/>\n<h2>\n\t\tDesarrollo de estrategia comercial\n\t<\/h2>\n\t<p>Nuestras estrategias comerciales impulsan sus resultados finales, crean procesos basados en el rendimiento y aumentan la retenci\u00f3n de sus clientes. \u00a1Ayudamos a las peque\u00f1as empresas a tener claro a d\u00f3nde deben llegar y brindamos soluciones comprobadas y planes de acci\u00f3n positivos que las ayudan a alcanzar objetivos comerciales cr\u00edticos en tan solo 90 d\u00edas!<\/p>\n<h3>\n\t\tSu plan de acci\u00f3n personalizado puede incluir:\n\t<\/h3>\n\t\t\t\t<img loading=\"lazy\" decoding=\"async\" src=\"https:\/\/strategicexceptions.com\/wp-content\/uploads\/people-icon.png\" alt=\"People icon\" itemprop=\"image\" height=\"339\" width=\"512\" onerror=\"this.style.display='none'\"  \/>\n<h4>\n\t\tEstrategia de negocios\n\t<\/h4>\n\t<p>El \u00e9xito comercial ocurre m\u00e1s r\u00e1pido cuando cuenta con la orientaci\u00f3n de personas que tienen el conocimiento porque han estado all\u00ed y lo han hecho. \u00a1Perm\u00edtanos ayudarlo a tener una idea clara de ad\u00f3nde necesita llegar y crear soluciones comprobadas y planes de acci\u00f3n positivos que lo ayudar\u00e1n a alcanzar objetivos comerciales cr\u00edticos en tan solo 90 d\u00edas!<\/p>\n\t\t\t\t<img loading=\"lazy\" decoding=\"async\" src=\"https:\/\/strategicexceptions.com\/wp-content\/uploads\/male-at-desk.png\" alt=\"male-at-desk icon\" itemprop=\"image\" height=\"463\" width=\"512\" onerror=\"this.style.display='none'\"  \/>\n<h4>\n\t\tEst\u00e1ndar de Procedimientos Operativos\n\t<\/h4>\n\t<p>El \u00e9xito comercial se maximiza cuando todo su equipo est\u00e1 en la misma p\u00e1gina. Perm\u00edtanos ayudarlo a documentar instrucciones paso a paso para ayudar a su equipo a realizar operaciones de rutina, de modo que logre la m\u00e1xima eficiencia, calidad de producci\u00f3n y uniformidad de rendimiento y reduzca la falta de comunicaci\u00f3n y el incumplimiento de las reglamentaciones de la industria.<\/p>\n\t\t\t\t<img loading=\"lazy\" decoding=\"async\" src=\"https:\/\/strategicexceptions.com\/wp-content\/uploads\/2022\/04\/034-woman-3.png\" alt=\"034-woman-3\" itemprop=\"image\" height=\"512\" width=\"512\" title=\"034-mujer-3\" onerror=\"this.style.display='none'\"  \/>\n<h4>\n\t\tDeclaraciones de capacidad\n\t<\/h4>\n\t<p>El \u00e9xito comercial ocurre cuando diferencia su negocio de la competencia y da lo mejor de s\u00ed mismo. Lo ayudaremos a crear el curr\u00edculum de su negocio para que pueda mostrar su genialidad y convencer a los clientes potenciales de hacer negocios con usted. Ofrecemos opciones &quot;Hecho para usted&quot; o &quot;H\u00e1galo usted mismo&quot;.<\/p>\n\t\t\t<a href=\"\/product\/30-min-consultation-terrie-simmons\/\" target=\"_self\" role=\"button\" rel=\"noopener\">\n\t\t\t\t\t\t\t\u00a1Comience el camino hacia el crecimiento empresarial hoy!\n\t\t\t\t\t<\/a>\n<h2>\n\t\tCapacitaciones y Talleres\n\t<\/h2>\n\t<p>Nuestras capacitaciones y talleres est\u00e1n dise\u00f1ados para individuos y equipos. Ayudamos a crear un liderazgo y un equipo profesionalmente desarrollados, empoderados y comprometidos que brindan experiencias de cliente &quot;SORPRENDENTES&quot;.<\/p>\n\t\t\t\t<img loading=\"lazy\" decoding=\"async\" src=\"https:\/\/strategicexceptions.com\/wp-content\/uploads\/047-boss.png\" alt=\"047-boss\" itemprop=\"image\" height=\"512\" width=\"512\" title=\"047-jefe\" onerror=\"this.style.display='none'\"  \/>\n<h4>\n\t\tLiderazgo y Desarrollo Profesional\n\t<\/h4>\n\t<p>Ayudamos a los l\u00edderes empresariales, equipos y profesionales a crecer, desarrollar habilidades de gesti\u00f3n efectivas, refinar las aspiraciones en planes reales, encontrar la felicidad y el \u00e9xito profesional a trav\u00e9s de una interacci\u00f3n altamente enfocada en sus propios t\u00e9rminos. Los temas comunes incluyen:<\/p>\n<ul>\n<li>Liderazgo basado en resultados<\/li>\n<li>Compromiso de liderazgo<\/li>\n<li>Gesti\u00f3n del tiempo<\/li>\n<li>Liderazgo de equipo efectivo<\/li>\n<li>Pensamiento estrategico<\/li>\n<li>Liderazgo de Alto Impacto (Ejecutivos)<\/li>\n<li>Servicio al Cliente<\/li>\n<\/ul>\n\t\t\t\t<img loading=\"lazy\" decoding=\"async\" src=\"https:\/\/strategicexceptions.com\/wp-content\/uploads\/004-employees-2-women.png\" alt=\"004-employees-2-women\" itemprop=\"image\" height=\"512\" width=\"512\" title=\"004-empleados-2-mujeres\" onerror=\"this.style.display='none'\"  \/>\n<h4>\n\t\tDesarrollo de negocios\n\t<\/h4>\n\t<p>Ofrecemos talleres personalizados, basados en las necesidades de su negocio, que est\u00e1n dise\u00f1ados para impulsar sus resultados, crear procesos basados en el rendimiento y brindar experiencias WOW a los clientes.<\/p>\n\t\t\t<a href=\"\/product\/30-min-consultation-terrie-simmons\/\" target=\"_self\" role=\"button\" rel=\"noopener\">\n\t\t\t\t\t\t\t\u00a1Comience el camino hacia el crecimiento empresarial hoy!\n\t\t\t\t\t<\/a>\n\t\t\t\t<img loading=\"lazy\" decoding=\"async\" src=\"https:\/\/strategicexceptions.com\/wp-content\/uploads\/2022\/04\/2-women-coffee-Adobe_265251857.jpg\" alt=\"Two women at a table with coffee discussing business\" itemprop=\"image\" height=\"533\" width=\"800\" title=\"2 mujeres tomando caf\u00e9 en un escritorio\" onerror=\"this.style.display='none'\"  \/>\n<h2>\n\t\tEstrategia sin fines de lucro y escritura de subvenciones\n\t<\/h2>\n\t<p>Trabajamos con organizaciones sin fines de lucro para desarrollar estrategias de crecimiento y solicitar las subvenciones locales, estatales y federales que mejor se adapten a ellas. Hemos asegurado o ayudado personalmente a organizaciones sin fines de lucro a obtener m\u00e1s de $20M en subvenciones.<\/p>\n<p>\u00bfTiene una organizaci\u00f3n sin fines de lucro pero no est\u00e1 seguro de qu\u00e9 direcci\u00f3n tomar o c\u00f3mo crecer? \u00bfHa identificado una subvenci\u00f3n local, estatal o federal para su organizaci\u00f3n sin fines de lucro, pero no est\u00e1 seguro de c\u00f3mo comenzar a escribir o ensamblar las piezas?<\/p>\n<p>\u00a1Perm\u00edtanos ayudarlo con la estrategia y redactar la subvenci\u00f3n por usted!<\/p>\n\t\t\t<a href=\"\/product\/30-min-consultation-terrie-simmons\/\" target=\"_self\" role=\"button\" rel=\"noopener\">\n\t\t\t\t\t\t\t\u00a1Comience a hacer crecer su organizaci\u00f3n sin fines de lucro hoy!\n\t\t\t\t\t<\/a>","protected":false},"excerpt":{"rendered":"<p>Ayudamos a empresas, profesionales y comunidades a crecer Desarrollo de estrategias comerciales Nuestras estrategias comerciales impulsan sus resultados finales, crean procesos basados en el rendimiento y aumentan la retenci\u00f3n de clientes. Ayudamos a las peque\u00f1as empresas a convertirse en cristal...<\/p>","protected":false},"author":1,"featured_media":0,"parent":0,"menu_order":0,"comment_status":"closed","ping_status":"closed","template":"","meta":{"inline_featured_image":false,"_themeisle_gutenberg_block_has_review":false,"footnotes":""},"class_list":["post-7976","page","type-page","status-publish","hentry"],"featured_image_src":null,"featured_image_src_square":null,"_links":{"self":[{"href":"https:\/\/strategicexceptions.com\/es\/wp-json\/wp\/v2\/pages\/7976","targetHints":{"allow":["GET"]}}],"collection":[{"href":"https:\/\/strategicexceptions.com\/es\/wp-json\/wp\/v2\/pages"}],"about":[{"href":"https:\/\/strategicexceptions.com\/es\/wp-json\/wp\/v2\/types\/page"}],"author":[{"embeddable":true,"href":"https:\/\/strategicexceptions.com\/es\/wp-json\/wp\/v2\/users\/1"}],"replies":[{"embeddable":true,"href":"https:\/\/strategicexceptions.com\/es\/wp-json\/wp\/v2\/comments?post=7976"}],"version-history":[{"count":0,"href":"https:\/\/strategicexceptions.com\/es\/wp-json\/wp\/v2\/pages\/7976\/revisions"}],"wp:attachment":[{"href":"https:\/\/strategicexceptions.com\/es\/wp-json\/wp\/v2\/media?parent=7976"}],"curies":[{"name":"wp","href":"https:\/\/api.w.org\/{rel}","templated":true}]}}