{"id":8217,"date":"2022-04-28T23:16:03","date_gmt":"2022-04-28T23:16:03","guid":{"rendered":"https:\/\/strategicexdev.wpengine.com\/?page_id=8217"},"modified":"2026-02-10T09:37:54","modified_gmt":"2026-02-10T15:37:54","slug":"terms-and-conditions","status":"publish","type":"page","link":"https:\/\/strategicexceptions.com\/es\/se-business-service-center\/terms-and-conditions\/","title":{"rendered":"T\u00e9rminos y condiciones"},"content":{"rendered":"<p>Strategic Exceptions Business Service Center<\/p>\n\n\n\n<p>Aceptaci\u00f3n de la Relaci\u00f3n con el Cliente&nbsp;<\/p>\n\n\n\n<p>The client agrees to: (a) acknowledge the relationship with SEBSC (as demonstrated in this agreement);\u00a0(b) provide firm contact and profile information; (c) disclose outcome(s) based on the services provided to the client by SEBSC and\/or SEBSC business centers to SEBSC and\/or SEBSC business centers; and (d) provide documentary verification to SEBSC and\/or SEBSC business centers for transactions resulting from services provided pursuant to this engagement.\u00a0\u00a0<\/p>\n\n\n\n<p>Certificaci\u00f3n&nbsp;<\/p>\n\n\n\n<p>Bajo este acuerdo, el cliente certifica que es una empresa comercial de propiedad minoritaria (MBE). Una MBE se define como una empresa que es propiedad o est\u00e1 controlada (m\u00e1s del 50 por ciento) por las siguientes personas o grupos de personas que tambi\u00e9n son ciudadanos estadounidenses o extranjeros residentes admitidos para admisi\u00f3n legal en los Estados Unidos: afroamericanos, hispanoamericanos, asi\u00e1ticos y los estadounidenses de las islas del Pac\u00edfico, los nativos americanos (incluidos los nativos de Alaska, las corporaciones de nativos de Alaska y las entidades tribales), los indios asi\u00e1ticos y los jud\u00edos jas\u00eddicos. Ver 15 CFR \u00a7 1400.1.<\/p>\n\n\n\n<p>Divulgaci\u00f3n de privacidad y uso de la informaci\u00f3n&nbsp;<\/p>\n\n\n\n<p>By submitting this form, your company agrees to allow the Minority Business Development Agency\u00a0(SEBSC) in Washington, D.C. to share this document, information contained therein, and any supplementary material provided by your company (collectively \u201cClient Engagement Form\u201d) on an as needed basis, with other United States Government agencies to carry out appropriate due diligence and more effectively advocate for your interests. The Client Engagement Form also may be used by SEBSC and SEBSC Business Centers for the purposes of conducting research, studies, and analysis consistent with the SEBSC mission as stated in Executive Order 11625. The Client Engagement Form is considered business confidential and will not be shared with any other person or organization outside the U.S. Government unless the SEBSC Headquarters is given permission to do so by your company. All business confidential information will be protected from disclosure to the extent permitted by law.<\/p>","protected":false},"excerpt":{"rendered":"<p>Strategic Exceptions Business Service Center Acceptance of Client Relationship&nbsp; The client agrees to: (a) acknowledge the relationship with SEBSC (as demonstrated in this agreement);\u00a0(b) provide firm contact and profile information;&hellip;<\/p>","protected":false},"author":1,"featured_media":0,"parent":31,"menu_order":0,"comment_status":"closed","ping_status":"closed","template":"page-ilmbda.php","meta":{"inline_featured_image":false,"_themeisle_gutenberg_block_has_review":false,"footnotes":""},"class_list":["post-8217","page","type-page","status-publish","hentry"],"featured_image_src":null,"featured_image_src_square":null,"_links":{"self":[{"href":"https:\/\/strategicexceptions.com\/es\/wp-json\/wp\/v2\/pages\/8217","targetHints":{"allow":["GET"]}}],"collection":[{"href":"https:\/\/strategicexceptions.com\/es\/wp-json\/wp\/v2\/pages"}],"about":[{"href":"https:\/\/strategicexceptions.com\/es\/wp-json\/wp\/v2\/types\/page"}],"author":[{"embeddable":true,"href":"https:\/\/strategicexceptions.com\/es\/wp-json\/wp\/v2\/users\/1"}],"replies":[{"embeddable":true,"href":"https:\/\/strategicexceptions.com\/es\/wp-json\/wp\/v2\/comments?post=8217"}],"version-history":[{"count":0,"href":"https:\/\/strategicexceptions.com\/es\/wp-json\/wp\/v2\/pages\/8217\/revisions"}],"up":[{"embeddable":true,"href":"https:\/\/strategicexceptions.com\/es\/wp-json\/wp\/v2\/pages\/31"}],"wp:attachment":[{"href":"https:\/\/strategicexceptions.com\/es\/wp-json\/wp\/v2\/media?parent=8217"}],"curies":[{"name":"wp","href":"https:\/\/api.w.org\/{rel}","templated":true}]}}