{"id":8334,"date":"2022-05-05T01:07:49","date_gmt":"2022-05-05T01:07:49","guid":{"rendered":"https:\/\/strategicexceptions.com\/?page_id=8334"},"modified":"2022-05-05T01:07:50","modified_gmt":"2022-05-05T01:07:50","slug":"privacy-policy-strategic-exceptions","status":"publish","type":"page","link":"https:\/\/strategicexceptions.com\/es\/privacy-policy-strategic-exceptions\/","title":{"rendered":"Pol\u00edtica de privacidad"},"content":{"rendered":"<p>Strategic Exceptions Professional Consulting, Inc. (&quot;Strategic Exceptions&quot; o &quot;nosotros&quot; o &quot;nosotros&quot; y t\u00e9rminos similares) se compromete a proteger su informaci\u00f3n personal. Le pedimos que lea detenidamente este aviso de privacidad, ya que contiene informaci\u00f3n importante sobre qui\u00e9nes somos, c\u00f3mo y por qu\u00e9 recopilamos, almacenamos, usamos y compartimos informaci\u00f3n personal, sus derechos en relaci\u00f3n con su informaci\u00f3n personal y sobre c\u00f3mo comunicarse con nosotros y supervisores. autoridades en caso de que tenga una queja.<\/p>\n\n\n\n<h3 class=\"wp-block-heading\"><strong>1. Qui\u00e9nes somos<\/strong><\/h3>\n\n\n\n<p>Strategic Exceptions Professional Consulting, Inc. recopila, usa y es responsable de cierta informaci\u00f3n personal sobre usted.&nbsp;<\/p>\n\n\n\n<h3 class=\"wp-block-heading\"><strong>2. La informaci\u00f3n personal que recopilamos y usamos<\/strong><\/h3>\n\n\n\n<p><strong>una. Informaci\u00f3n recopilada por nosotros<\/strong><\/p>\n\n\n\n<p>Cuando descarga cualquiera de nuestros recursos en este sitio web, acepta el uso de su ubicaci\u00f3n actual, asiste a eventos o sesiones de capacitaci\u00f3n, se registra (o su empleador lo registra) en cualquiera de nuestros servicios y\/o la compra de bienes\/ servicios ofrecidos en este sitio web, recopilamos la siguiente informaci\u00f3n personal cuando usted nos la proporciona:<\/p>\n\n\n\n<ul class=\"wp-block-list\"><li>Datos de contacto: su nombre, direcci\u00f3n postal y de correo electr\u00f3nico y n\u00famero de tel\u00e9fono;<\/li><li>Detalles demogr\u00e1ficos: su sexo, edad, c\u00f3digo postal;\u00a0<\/li><li>Informaci\u00f3n de ubicaci\u00f3n: direcci\u00f3n IP o informaci\u00f3n de ubicaci\u00f3n del dispositivo m\u00f3vil;<\/li><li>Datos de perfil: tus aficiones, intereses; y<\/li><li>Confirmaci\u00f3n de pago: confirmaci\u00f3n de su pago con nuestro procesador de tarjeta de cr\u00e9dito de terceros (no se comparten con nosotros detalles de pago con respecto a su n\u00famero de tarjeta de cr\u00e9dito, ACH u otra metodolog\u00eda de pago).<\/li><\/ul>\n\n\n\n<p><strong>b. C\u00f3mo usamos tu informaci\u00f3n personal<\/strong><\/p>\n\n\n\n<p>Usamos su informaci\u00f3n personal para:<\/p>\n\n\n\n<ul class=\"wp-block-list\"><li>Brindarle acceso y apoyo a los bienes y servicios que solicita;<\/li><li>Contactarlo con respecto a los bienes y servicios que solicita; y<\/li><li>Enviarle informaci\u00f3n sobre otros bienes y servicios que puedan ser de su inter\u00e9s.<\/li><\/ul>\n\n\n\n<p><strong>C. Con qui\u00e9n compartimos su informaci\u00f3n personal<\/strong><\/p>\n\n\n\n<p>Por lo general, su informaci\u00f3n personal no se comparte con nadie fuera de Excepciones estrat\u00e9gicas.<\/p>\n\n\n\n<p>Divulgaci\u00f3n para fines legales. Podemos compartir su informaci\u00f3n personal cuando (1) respondamos a citaciones, \u00f3rdenes judiciales o procesos legales, y para ejercer nuestros derechos legales o defendernos de reclamos legales; (2) cree que es necesario compartir informaci\u00f3n para investigar, prevenir o tomar medidas con respecto a actividades ilegales, sospechas de fraude, situaciones que impliquen amenazas potenciales a la seguridad f\u00edsica de cualquier persona, violaciones de los T\u00e9rminos de uso o seg\u00fan lo exija la ley ; o (3) transferir informaci\u00f3n sobre usted si somos adquiridos o fusionados con otra entidad.<\/p>\n\n\n\n<p>Informaci\u00f3n no personal. Para ayudarnos a brindarle un mejor servicio, recopilamos informaci\u00f3n que no lo identifica personalmente, sino que identifica su computadora o navegador. Esto se hace rastreando las direcciones IP y otra informaci\u00f3n, como el tipo y la versi\u00f3n del navegador, el sistema operativo y\/o la plataforma para analizar tendencias, ayudarnos a administrar el sitio web, rastrear el movimiento de los visitantes y recopilar informaci\u00f3n demogr\u00e1fica amplia para uso agregado. Las direcciones IP no est\u00e1n vinculadas a informaci\u00f3n de identificaci\u00f3n personal.&nbsp;<\/p>\n\n\n\n<p>Informaci\u00f3n demogr\u00e1fica agregada. Podemos compartir datos demogr\u00e1ficos agregados con terceros, pero esta informaci\u00f3n no est\u00e1 vinculada a ninguna informaci\u00f3n personal que pueda identificarlo a usted o a cualquier otra persona individual. Por lo tanto, ninguna informaci\u00f3n personal se divulga de esta manera.<\/p>\n\n\n\n<p><strong>d. Informaci\u00f3n que proporciona y por qu\u00e9<\/strong><\/p>\n\n\n\n<p>Puede visitar y disfrutar de nuestro sitio web sin revelar ninguna informaci\u00f3n personal sobre usted.&nbsp;<\/p>\n\n\n\n<p>Si desea obtener un informe, recurso o documento t\u00e9cnico gratuito, le solicitamos que proporcione su nombre y direcci\u00f3n de correo electr\u00f3nico para que podamos entreg\u00e1rselo.&nbsp;<\/p>\n\n\n\n<p>Si se registra para un curso o taller, le solicitamos que proporcione su nombre, direcci\u00f3n de correo electr\u00f3nico, direcci\u00f3n postal y n\u00famero de tel\u00e9fono para que podamos inscribirlo en el curso o taller y brindarle los servicios, as\u00ed como comunicar actualizaciones sobre el curso. o taller. Toda la informaci\u00f3n de pago es manejada por un proveedor externo y no se divulga a Excepciones estrat\u00e9gicas, aparte de la finalizaci\u00f3n de la transacci\u00f3n.<\/p>\n\n\n\n<p>Si su empleador lo inscribi\u00f3 en un curso o taller, recibiremos su nombre, direcci\u00f3n de correo electr\u00f3nico del trabajo y direcci\u00f3n postal del trabajo para que podamos inscribirlo en el curso y brindarle los servicios, as\u00ed como comunicarle actualizaciones sobre el curso o taller.<\/p>\n\n\n\n<p>Si desea recibir m\u00e1s informaci\u00f3n o estar en contacto con nosotros, le solicitamos que nos proporcione su direcci\u00f3n de correo electr\u00f3nico y su nombre. Luego, con su permiso expl\u00edcito, nos pondremos en contacto con usted de vez en cuando sobre asuntos que consideremos de su inter\u00e9s.<\/p>\n\n\n\n<p><strong>mi. Cu\u00e1nto tiempo se conservar\u00e1 su informaci\u00f3n personal<\/strong><\/p>\n\n\n\n<p>Retendremos sus Datos personales durante el per\u00edodo necesario para cumplir con los prop\u00f3sitos descritos en esta Declaraci\u00f3n de privacidad, a menos que la ley exija o permita un per\u00edodo de retenci\u00f3n m\u00e1s prolongado.<\/p>\n\n\n\n<p>Los criterios utilizados para determinar nuestros per\u00edodos de retenci\u00f3n incluyen:&nbsp;<\/p>\n\n\n\n<ul class=\"wp-block-list\"><li>El per\u00edodo de tiempo que tenemos una relaci\u00f3n continua con usted y le brindamos los Servicios (por ejemplo, mientras siga usando los Servicios)<\/li><li>Si existe una obligaci\u00f3n legal a la que estamos sujetos (por ejemplo, ciertas leyes nos exigen mantener registros de sus transacciones durante un cierto per\u00edodo de tiempo antes de que podamos eliminarlas)<\/li><li>Si la retenci\u00f3n es aconsejable teniendo en cuenta nuestra posici\u00f3n legal (por ejemplo, para estatutos de limitaciones, litigios o investigaciones reglamentarias)<\/li><\/ul>\n\n\n\n<p><strong>F. Razones por las que podemos recopilar y utilizar su informaci\u00f3n personal<\/strong><\/p>\n\n\n\n<p>Confiamos en su consentimiento y\/o nuestro contrato para realizar servicios para su empleador como la base legal sobre la cual recopilamos y usamos sus datos personales.&nbsp;<\/p>\n\n\n\n<h3 class=\"wp-block-heading\"><strong>3. Consecuencias de nuestro uso de su informaci\u00f3n personal<\/strong><\/h3>\n\n\n\n<p>Sin embargo, nos gustar\u00eda utilizar su nombre y direcci\u00f3n de correo electr\u00f3nico para informarle sobre futuras ofertas y productos y servicios similares. Esta informaci\u00f3n no se comparte con terceros y puede darse de baja en cualquier momento por tel\u00e9fono, correo electr\u00f3nico o en nuestro sitio web. Indique a continuaci\u00f3n si esto es algo en lo que le gustar\u00eda registrarse:<\/p>\n\n\n\n<p><a href=\"https:\/\/strategicexceptions.com\/contact\/\">Env\u00edenme detalles sobre futuras ofertas de Excepciones estrat\u00e9gicas<\/a>.&nbsp;<\/p>\n\n\n\n<h3 class=\"wp-block-heading\"><strong>4. Mantener segura su informaci\u00f3n personal<\/strong><\/h3>\n\n\n\n<p>Contamos con las medidas de seguridad adecuadas para evitar que la informaci\u00f3n personal se pierda, use o acceda accidentalmente de forma no autorizada. Limitamos el acceso a su informaci\u00f3n personal a aquellos que tienen una necesidad comercial genuina de conocerla. Aquellos que procesen su informaci\u00f3n lo har\u00e1n solo de manera autorizada y est\u00e1n sujetos a un deber de confidencialidad.<\/p>\n\n\n\n<p>Tambi\u00e9n contamos con procedimientos para hacer frente a cualquier sospecha de violaci\u00f3n de la seguridad de los datos. Le notificaremos a usted y a cualquier regulador aplicable sobre una sospecha de violaci\u00f3n de la seguridad de los datos cuando estemos legalmente obligados a hacerlo.<\/p>\n\n\n\n<h3 class=\"wp-block-heading\"><strong>5. Cambios a este Aviso de Privacidad<\/strong><\/h3>\n\n\n\n<p>Este aviso de privacidad fue publicado el 1 de abril de 2022.&nbsp;<\/p>\n\n\n\n<p>Podemos cambiar este aviso de privacidad de vez en cuando, cuando lo hagamos, le informaremos a trav\u00e9s de actualizaciones de este sitio web.<\/p>\n\n\n\n<h3 class=\"wp-block-heading\"><strong>6. C\u00f3mo contactarnos<\/strong><\/h3>\n\n\n\n<p>Si desea ponerse en contacto con nosotros, env\u00ede un correo electr\u00f3nico a info@strategicexceptions.com o escriba a Strategic Exceptions Professional Consulting, Inc.:<\/p>\n\n\n\n<p>terrie simmons<br>\ndirector de operaciones<br>\nExcepciones estrat\u00e9gicas Professional Consulting, Inc.<br>\n712 S R\u00edo Calle<br>\nAurora, IL 60506, EE. UU.<\/p>\n\n\n\n<h3 class=\"wp-block-heading\"><strong>7. \u00bfNecesita ayuda adicional?<\/strong><\/h3>\n\n\n\n<p>Si desea este aviso en otro formato (por ejemplo: audio, letra grande, braille), comun\u00edquese con nosotros (consulte &quot;C\u00f3mo comunicarse con nosotros&quot; m\u00e1s arriba).<\/p>\n\n\n\n<h2 class=\"wp-block-heading\"><strong>AVISO ESPECIAL PARA VISITANTES DE LA UNI\u00d3N EUROPEA E INCLUYENDO EL REINO UNIDO (&quot;EEE&quot;)<\/strong><\/h2>\n\n\n\n<h3 class=\"wp-block-heading\"><strong>Reglamento General de Protecci\u00f3n de Datos<\/strong><\/h3>\n\n\n\n<p>Cuando recopilamos y usamos informaci\u00f3n personal sobre usted, estamos regulados por el Reglamento general de protecci\u00f3n de datos (&quot;GDPR&quot;) que se aplica en toda la Uni\u00f3n Europea (incluido el Reino Unido) y somos responsables como controlador de esa informaci\u00f3n personal para los fines de esas leyes.<\/p>\n\n\n\n<h3 class=\"wp-block-heading\"><strong>Transferencia de su informaci\u00f3n fuera del EEE<\/strong><\/h3>\n\n\n\n<p>Strategic Exceptions Professional Consulting, Inc. es una entidad con sede en los Estados Unidos y, como tal, cualquier interacci\u00f3n con este sitio web se procesa en los Estados Unidos, as\u00ed como en su pa\u00eds de origen. La informaci\u00f3n personal que proporcione se compartir\u00e1 con los empleados de Strategic Exceptions en los Estados Unidos, as\u00ed como con los propietarios de las franquicias y sus empleados en su pa\u00eds de origen dentro de la Uni\u00f3n Europea, incluido el Reino Unido. Esto se debe a que Strategic Exceptions y sus franquiciados utilizan software compartido, alojamiento y mantenimiento de TI, con servidores ubicados en los Estados Unidos. Ning\u00fan tercero tiene acceso a su informaci\u00f3n personal a menos que la ley se lo permita. Contamos con un Programa de Protecci\u00f3n de Datos para supervisar la profesi\u00f3n efectiva y segura de su informaci\u00f3n personal.<\/p>\n\n\n\n<p>Si desea obtener m\u00e1s informaci\u00f3n, comun\u00edquese con nuestro director de operaciones (consulte &quot;C\u00f3mo comunicarse con nosotros&quot; m\u00e1s arriba). De lo contrario, no transferiremos sus datos personales fuera del EEE o el Reino Unido o a cualquier organizaci\u00f3n (u organismos subordinados) regidos por el derecho internacional p\u00fablico o que se establezca en virtud de cualquier acuerdo entre dos o m\u00e1s pa\u00edses.<\/p>\n\n\n\n<h3 class=\"wp-block-heading\"><strong>Mantenimiento de su informaci\u00f3n<\/strong><\/h3>\n\n\n\n<p>Estamos obligados a mantener la informaci\u00f3n que se nos proporciona durante un per\u00edodo de seis (6) a\u00f1os con fines legales, de auditor\u00eda y reglamentarios. Sin embargo, si nos ha proporcionado su informaci\u00f3n personal con fines de marketing (es decir, para enviarle informaci\u00f3n sobre bienes y servicios en los que pueda estar interesado), nos notifica en cualquier momento que ya no desea que lo contactemos y eliminaremos de nuestros registros.<\/p>\n\n\n\n<h3 class=\"wp-block-heading\"><strong>Tus derechos<\/strong><\/h3>\n\n\n\n<p>De conformidad con el Reglamento general de protecci\u00f3n de datos, tiene una serie de derechos importantes de forma gratuita. En resumen, estos incluyen derechos a:<\/p>\n\n\n\n<ul class=\"wp-block-list\"><li>Procesamiento justo de la informaci\u00f3n y transparencia sobre c\u00f3mo usamos su informaci\u00f3n personal;<\/li><li>Acceso a su informaci\u00f3n personal y a cierta otra informaci\u00f3n complementaria que este Aviso de privacidad ya est\u00e1 dise\u00f1ado para abordar;<\/li><li>Exigirnos que corrijamos cualquier error en su informaci\u00f3n que tengamos;<\/li><li>Requerir el borrado de la informaci\u00f3n personal que le concierne en ciertas situaciones;<\/li><li>Recibir la informaci\u00f3n personal que nos haya facilitado sobre usted, en un formato estructurado, de uso com\u00fan y lectura mec\u00e1nica y tener derecho a transmitir dicha informaci\u00f3n a un tercero en determinadas situaciones;<\/li><li>Objetar en cualquier momento el procesamiento de informaci\u00f3n personal que le concierne para marketing directo;<\/li><li>Oponerse a que se tomen decisiones por medios automatizados que produzcan efectos jur\u00eddicos sobre usted o le afecten significativamente de modo similar;<\/li><li>Objetar en ciertas otras situaciones a nuestro procesamiento continuo de su informaci\u00f3n personal; y<\/li><li>De lo contrario, restringir nuestro procesamiento de su informaci\u00f3n personal en ciertas circunstancias.<\/li><\/ul>\n\n\n\n<p>Si desea ejercer cualquiera de esos derechos, por favor:<\/p>\n\n\n\n<ul class=\"wp-block-list\"><li>Env\u00ede un correo electr\u00f3nico, llame o escriba a nuestro director de operaciones;<\/li><li>Perm\u00edtanos tener suficiente informaci\u00f3n para identificarlo (por ejemplo, n\u00famero de cuenta, nombre de usuario, detalles de registro);<\/li><li>Perm\u00edtanos tener una prueba de su identidad y direcci\u00f3n (una copia de su licencia de conducir o pasaporte y una factura reciente de servicios p\u00fablicos o tarjeta de cr\u00e9dito);<\/li><li>H\u00e1ganos saber la informaci\u00f3n a la que se refiere su solicitud; y\/o<\/li><li>Si desea darse de baja de cualquier bolet\u00edn electr\u00f3nico, tambi\u00e9n puede hacer clic en el bot\u00f3n para darse de baja en la parte inferior del bolet\u00edn electr\u00f3nico. Puede tomar hasta siete (7) d\u00edas para que esto ocurra.<\/li><\/ul>","protected":false},"excerpt":{"rendered":"<p>Strategic Exceptions Professional Consulting, Inc. (&quot;Strategic Exceptions&quot; o &quot;nosotros&quot; o &quot;nosotros&quot; y t\u00e9rminos similares) se compromete a proteger su informaci\u00f3n personal. Le solicitamos que lea atentamente este aviso de privacidad\u2026<\/p>","protected":false},"author":5,"featured_media":0,"parent":0,"menu_order":0,"comment_status":"closed","ping_status":"closed","template":"","meta":{"inline_featured_image":false,"_themeisle_gutenberg_block_has_review":false,"footnotes":""},"class_list":["post-8334","page","type-page","status-publish","hentry"],"featured_image_src":null,"featured_image_src_square":null,"_links":{"self":[{"href":"https:\/\/strategicexceptions.com\/es\/wp-json\/wp\/v2\/pages\/8334","targetHints":{"allow":["GET"]}}],"collection":[{"href":"https:\/\/strategicexceptions.com\/es\/wp-json\/wp\/v2\/pages"}],"about":[{"href":"https:\/\/strategicexceptions.com\/es\/wp-json\/wp\/v2\/types\/page"}],"author":[{"embeddable":true,"href":"https:\/\/strategicexceptions.com\/es\/wp-json\/wp\/v2\/users\/5"}],"replies":[{"embeddable":true,"href":"https:\/\/strategicexceptions.com\/es\/wp-json\/wp\/v2\/comments?post=8334"}],"version-history":[{"count":0,"href":"https:\/\/strategicexceptions.com\/es\/wp-json\/wp\/v2\/pages\/8334\/revisions"}],"wp:attachment":[{"href":"https:\/\/strategicexceptions.com\/es\/wp-json\/wp\/v2\/media?parent=8334"}],"curies":[{"name":"wp","href":"https:\/\/api.w.org\/{rel}","templated":true}]}}