{"id":97,"date":"2022-03-24T09:04:06","date_gmt":"2022-03-24T09:04:06","guid":{"rendered":"https:\/\/strategicexdev.wpengine.com\/?page_id=97"},"modified":"2026-02-10T09:18:31","modified_gmt":"2026-02-10T15:18:31","slug":"business-support-services","status":"publish","type":"page","link":"https:\/\/strategicexceptions.com\/es\/se-business-service-center\/business-support-services\/","title":{"rendered":"SEBSC Services"},"content":{"rendered":"<h1>\n\t\t\tServicios de consultor\u00eda personalizados para hacer crecer su negocio\t<\/h1>\n<figure itemscope itemtype=\"https:\/\/schema.org\/ImageObject\">\n\t\t\t\t<img decoding=\"async\" src=\"https:\/\/strategicexceptions.com\/wp-content\/uploads\/2022\/04\/diverse-business-team-ldscp-scaled.jpg\" alt=\"Diverse business team collaborating at a table\" height=\"1008\" width=\"2560\" title=\"Colaboraci\u00f3n y an\u00e1lisis por parte de empresarios que trabajan en la oficina\" onerror=\"this.style.display='none'\" loading=\"lazy\" \/>\n\t<\/figure>\n\t<p>The Strategic Exceptions Business Service Center (SEBSC) Business Center promotes the growth and global competitiveness of small businesses through business development and capacity building. We help our clients secure capital, access new markets, compete for contracts, or make strategic partners and business moves.<\/p>\n<p>Brindamos servicios basados en la comunidad, culturalmente conscientes y personalizados para alinearse con las necesidades de las comunidades comerciales de Illinois.<\/p>\n<ul>\n<li>Atendemos a hablantes de ingl\u00e9s y espa\u00f1ol.<\/li>\n<li>While we serve all small businesses, our target clients are businesses with annual revenues of at least $500,000.<\/li>\n<\/ul>\n<h2>\n\t\t\tConsultor\u00eda Estrat\u00e9gica de Negocios\t<\/h2>\n<figure itemscope itemtype=\"https:\/\/schema.org\/ImageObject\">\n\t\t\t\t<img decoding=\"async\" src=\"https:\/\/strategicexceptions.com\/wp-content\/uploads\/2022\/04\/2-women-coffee-Adobe_265251857.jpg\" alt=\"Two women at a table with coffee discussing business\" height=\"533\" width=\"800\" title=\"2 mujeres tomando caf\u00e9 en un escritorio\" onerror=\"this.style.display='none'\" loading=\"lazy\" \/>\n\t<\/figure>\n\t<p>Apoyamos a nuestros clientes en sus respectivos viajes de desarrollo comercial y desarrollo de capacidades con:<\/p>\n<ul>\n<li>Orientaci\u00f3n y planificaci\u00f3n empresarial estrat\u00e9gica personalizada uno a uno<\/li>\n<li>Seminarios y talleres de negocios (ventas y precios, tecnolog\u00eda, estrategia y procesos comerciales, legal, etc.)<\/li>\n<li>Professional service referrals to small businesses of all sizes<\/li>\n<li>Asociaciones potenciales y oportunidades de empresas conjuntas.<\/li>\n<\/ul>\n<h2>\n\t\t\tRedacci\u00f3n y financiaci\u00f3n de subvenciones\t<\/h2>\n<figure itemscope itemtype=\"https:\/\/schema.org\/ImageObject\">\n\t\t\t\t<img decoding=\"async\" src=\"https:\/\/strategicexceptions.com\/wp-content\/uploads\/grant-writing-minority-business-team.jpg\" alt=\"Minority business team working on a grant proposal\" height=\"360\" width=\"538\" title=\"equipo de negocios\" onerror=\"this.style.display='none'\" loading=\"lazy\" \/>\n\t<\/figure>\n\t<p>Lo pondremos en contacto con nuestros asesores comerciales y socios que ofrecen acceso a:<\/p>\n<ul>\n<li>Pr\u00e9stamos comerciales y banca<\/li>\n<li>An\u00e1lisis financiero, crediticio y de riesgos<\/li>\n<li>Calificaci\u00f3n y evaluaci\u00f3n de pr\u00e9stamos SBA y convencionales<\/li>\n<li>Identificaci\u00f3n y presentaci\u00f3n de pr\u00e9stamos y subvenciones<\/li>\n<li>Financiamiento de equipos<\/li>\n<li>inversores<\/li>\n<li>Asesoramiento y formaci\u00f3n general en finanzas empresariales<\/li>\n<\/ul>\n<h2>\n\t\t\tCertificaci\u00f3n y Nuevos Mercados\t<\/h2>\n<figure itemscope itemtype=\"https:\/\/schema.org\/ImageObject\">\n\t\t\t\t<img decoding=\"async\" src=\"https:\/\/strategicexceptions.com\/wp-content\/uploads\/AdobeStock_436030729-600px.jpg\" alt=\"Women standing with iPad with adult students behind her\" height=\"401\" width=\"600\" onerror=\"this.style.display='none'\" loading=\"lazy\" \/>\n\t<\/figure>\n\t<p>Ayudamos a nuestros clientes a acceder a los mercados nacionales e internacionales proporcionando:<\/p>\n<ul>\n<li>Asistencia para la certificaci\u00f3n de empresas minoritarias<\/li>\n<li>Emparejamiento con corporaciones y agencias gubernamentales locales, estatales o federales<\/li>\n<li>Acceso a subvenciones, licitaciones, contratos y oportunidades de exportaci\u00f3n<\/li>\n<li>Asistencia en adquisiciones\/registro de proveedores<\/li>\n<li>Talleres empresariales<\/li>\n<li>Acceso a foros de redes locales y nacionales exclusivos<\/li>\n<\/ul>\n<h2>\n\t\t\tHistorias de \u00e9xito\t<\/h2>\n<h2>\n\t\t\tSEBSC Partners\t<\/h2>\n        \t<a href=\"https:\/\/ilbcc.org\/\" target=\"_blank\" rel=\"nofollow noopener\">            \n\t\t\t\t\t\t<img decoding=\"async\" src=\"https:\/\/strategicexceptions.com\/wp-content\/uploads\/2022\/04\/IL-State-Black-Chamber-Commerce.png\" alt=\"Illinois State Black Chamber of Commerce\" data-no-lazy=\"1\" \/>\t\t\t\t\t\n                            <p>C\u00e1mara de Comercio Negra del Estado de Illinois<\/p>\n            <\/a>\t\t\n        \t<a href=\"https:\/\/www.nationalbcc.org\/\" target=\"_blank\" rel=\"nofollow noopener\">            \n\t\t\t\t\t\t<img decoding=\"async\" src=\"https:\/\/strategicexceptions.com\/wp-content\/uploads\/2022\/04\/NBCC-partner-logo.png\" alt=\"National Black Chamber of Commerce\" data-no-lazy=\"1\" \/>\t\t\t\t\t\n                            <p>C\u00e1mara Nacional de Comercio Negra<\/p>\n            <\/a>\t\t\n        \t<a href=\"http:\/\/www.ahcc-il.com\/\" target=\"_blank\" rel=\"nofollow noopener\">            \n\t\t\t\t\t\t<img decoding=\"async\" src=\"https:\/\/strategicexceptions.com\/wp-content\/uploads\/2022\/04\/Aurora-Hispanic-Chamb-Commerce.png\" alt=\"Aurora Regional Hispanic Chamber of Commerce\" data-no-lazy=\"1\" \/>\t\t\t\t\t\n                            <p>C\u00e1mara Regional de Comercio Hispana de Aurora<\/p>\n            <\/a>\t\t\n        \t<a href=\"https:\/\/www.qcul.org\/\" target=\"_blank\" rel=\"nofollow noopener\">            \n\t\t\t\t\t\t<img decoding=\"async\" src=\"https:\/\/strategicexceptions.com\/wp-content\/uploads\/2022\/04\/Quad-County-Urban-League.png\" alt=\"Quad County Urban League\" data-no-lazy=\"1\" \/>\t\t\t\t\t\n                            <p>Liga urbana del condado de Quad<\/p>\n            <\/a>\t\t\n        \t<a href=\"https:\/\/www.huntington.com\/\" target=\"_blank\" rel=\"nofollow noopener\">            \n\t\t\t\t\t\t<img decoding=\"async\" src=\"https:\/\/strategicexceptions.com\/wp-content\/uploads\/2022\/04\/Huntington-Bank-sm.png\" alt=\"Huntington National Bank\" data-no-lazy=\"1\" \/>\t\t\t\t\t\n                            <p>Banco Nacional de Huntington<\/p>\n            <\/a>\t\t\n        \t<a href=\"https:\/\/www.cityofelgin.org\/\" target=\"_blank\" rel=\"nofollow noopener\">            \n\t\t\t\t\t\t<img decoding=\"async\" src=\"https:\/\/strategicexceptions.com\/wp-content\/uploads\/2022\/04\/City-of-Elgin-sm.png\" alt=\"City of Elgin\" data-no-lazy=\"1\" \/>\t\t\t\t\t\n                            <p>Ciudad de Elgin<\/p>\n            <\/a>","protected":false},"excerpt":{"rendered":"<p>Personalized Consulting Services to Grow Your Business The Strategic Exceptions Business Service Center (SEBSC) Business Center promotes the growth and global competitiveness of small businesses through business development and capacity&hellip;<\/p>","protected":false},"author":1,"featured_media":0,"parent":31,"menu_order":0,"comment_status":"closed","ping_status":"closed","template":"page-ilmbda.php","meta":{"inline_featured_image":false,"_themeisle_gutenberg_block_has_review":false,"footnotes":""},"class_list":["post-97","page","type-page","status-publish","hentry"],"featured_image_src":null,"featured_image_src_square":null,"_links":{"self":[{"href":"https:\/\/strategicexceptions.com\/es\/wp-json\/wp\/v2\/pages\/97","targetHints":{"allow":["GET"]}}],"collection":[{"href":"https:\/\/strategicexceptions.com\/es\/wp-json\/wp\/v2\/pages"}],"about":[{"href":"https:\/\/strategicexceptions.com\/es\/wp-json\/wp\/v2\/types\/page"}],"author":[{"embeddable":true,"href":"https:\/\/strategicexceptions.com\/es\/wp-json\/wp\/v2\/users\/1"}],"replies":[{"embeddable":true,"href":"https:\/\/strategicexceptions.com\/es\/wp-json\/wp\/v2\/comments?post=97"}],"version-history":[{"count":0,"href":"https:\/\/strategicexceptions.com\/es\/wp-json\/wp\/v2\/pages\/97\/revisions"}],"up":[{"embeddable":true,"href":"https:\/\/strategicexceptions.com\/es\/wp-json\/wp\/v2\/pages\/31"}],"wp:attachment":[{"href":"https:\/\/strategicexceptions.com\/es\/wp-json\/wp\/v2\/media?parent=97"}],"curies":[{"name":"wp","href":"https:\/\/api.w.org\/{rel}","templated":true}]}}