{"id":3814,"date":"2020-09-11T20:12:43","date_gmt":"2020-09-11T20:12:43","guid":{"rendered":"https:\/\/strategicexdev.wpengine.com\/?post_type=product&#038;p=3814"},"modified":"2024-03-22T14:37:38","modified_gmt":"2024-03-22T19:37:38","slug":"terries-timeless-tips-for-success","status":"publish","type":"product","link":"https:\/\/strategicexceptions.com\/es\/producto\/terries-timeless-tips-for-success\/","title":{"rendered":"Terrie&#8217;s Timeless Tips for Success (available in English and Spanish)"},"content":{"rendered":"<p>PREORDER YOUR COPY TODAY!<\/p>\n<p><em>Terrie\u2019s Timeless Tips For Success How to Achieve Goals And Increase Profits In 90 Days or Less!<\/em> is designed to guide you through a systematic process of setting, planning, and achieving your goals, whether they are personal or professional. By utilizing the tools, exercises, and strategies provided in this workbook, you will gain clarity, focus, and motivation to turn your dreams into reality. Let&#8217;s embark on this transformative journey together! <strong>Preorder the ebook or physical copy today and get your copy when the book releases on April 1, 2024.<\/strong><\/p>\n<p>___________________<\/p>\n<p>\u00a1RESERVA TU COPIA HOY!<\/p>\n<p><em>Consejos atemporales de Terrie para el \u00e9xito \u00a1C\u00f3mo lograr objetivos y aumentar las ganancias en 90 d\u00edas o menos!<\/em>\u00a0Est\u00e1 dise\u00f1ado para guiarlo a trav\u00e9s de un proceso sistem\u00e1tico de establecimiento, planificaci\u00f3n y logro de sus objetivos, ya sean personales o profesionales. Al utilizar las herramientas, ejercicios y estrategias proporcionadas en este libro de trabajo, obtendr\u00e1 claridad, enfoque y motivaci\u00f3n para convertir sus sue\u00f1os en realidad. \u00a1Emprendamos juntos este viaje transformador!<\/p>\n<p><strong>Reserva el libro electr\u00f3nico o la copia f\u00edsica hoy y obt\u00e9n tu copia cuando se publique el 1 de abril de 2024.<\/strong><\/p>","protected":false},"excerpt":{"rendered":"<p>PREORDER YOUR COPY TODAY!<\/p>\n<p><em>Terrie\u2019s Timeless Tips For Success How to Achieve Goals And Increase Profits In 90 Days or Less!<\/em> is designed to guide you through a systematic process of setting, planning, and achieving your goals, whether they are personal or professional. By utilizing the tools, exercises, and strategies provided in this workbook, you will gain clarity, focus, and motivation to turn your dreams into reality. Let&#8217;s embark on this transformative journey together! <strong>Preorder the ebook or physical copy today and get your copy when the book releases on April 1, 2024.<\/strong><\/p>\n<p>___________________<\/p>\n<p>\u00a1RESERVA TU COPIA HOY!<\/p>\n<p><em>Consejos atemporales de Terrie para el \u00e9xito \u00a1C\u00f3mo lograr objetivos y aumentar las ganancias en 90 d\u00edas o menos!<\/em>\u00a0Est\u00e1 dise\u00f1ado para guiarlo a trav\u00e9s de un proceso sistem\u00e1tico de establecimiento, planificaci\u00f3n y logro de sus objetivos, ya sean personales o profesionales. Al utilizar las herramientas, ejercicios y estrategias proporcionadas en este libro de trabajo, obtendr\u00e1 claridad, enfoque y motivaci\u00f3n para convertir sus sue\u00f1os en realidad. \u00a1Emprendamos juntos este viaje transformador!<\/p>\n<p><strong>Reserva el libro electr\u00f3nico o la copia f\u00edsica hoy y obt\u00e9n tu copia cuando se publique el 1 de abril de 2024.<\/strong><\/p>","protected":false},"featured_media":8927,"template":"","meta":{"inline_featured_image":false,"_themeisle_gutenberg_block_has_review":false},"product_brand":[],"product_cat":[32],"product_tag":[112,33,34],"class_list":{"0":"post-3814","1":"product","2":"type-product","3":"status-publish","4":"has-post-thumbnail","6":"product_cat-merchandise","7":"product_tag-book","8":"product_tag-goals","9":"product_tag-july-sale","11":"first","12":"instock","13":"taxable","14":"shipping-taxable","15":"purchasable","16":"product-type-variable"},"_links":{"self":[{"href":"https:\/\/strategicexceptions.com\/es\/wp-json\/wp\/v2\/product\/3814","targetHints":{"allow":["GET"]}}],"collection":[{"href":"https:\/\/strategicexceptions.com\/es\/wp-json\/wp\/v2\/product"}],"about":[{"href":"https:\/\/strategicexceptions.com\/es\/wp-json\/wp\/v2\/types\/product"}],"wp:featuredmedia":[{"embeddable":true,"href":"https:\/\/strategicexceptions.com\/es\/wp-json\/wp\/v2\/media\/8927"}],"wp:attachment":[{"href":"https:\/\/strategicexceptions.com\/es\/wp-json\/wp\/v2\/media?parent=3814"}],"wp:term":[{"taxonomy":"product_brand","embeddable":true,"href":"https:\/\/strategicexceptions.com\/es\/wp-json\/wp\/v2\/product_brand?post=3814"},{"taxonomy":"product_cat","embeddable":true,"href":"https:\/\/strategicexceptions.com\/es\/wp-json\/wp\/v2\/product_cat?post=3814"},{"taxonomy":"product_tag","embeddable":true,"href":"https:\/\/strategicexceptions.com\/es\/wp-json\/wp\/v2\/product_tag?post=3814"}],"curies":[{"name":"wp","href":"https:\/\/api.w.org\/{rel}","templated":true}]}}