{"id":6767,"date":"2020-09-11T05:13:23","date_gmt":"2020-09-11T05:13:23","guid":{"rendered":"https:\/\/strategicexdev.wpengine.com\/?post_type=product&#038;p=6767"},"modified":"2022-05-02T04:39:41","modified_gmt":"2022-05-02T04:39:41","slug":"small-business-sponsorship","status":"publish","type":"product","link":"https:\/\/strategicexceptions.com\/es\/producto\/small-business-sponsorship\/","title":{"rendered":"Patrocinio de peque\u00f1as empresas"},"content":{"rendered":"","protected":false},"excerpt":{"rendered":"<p>$25.00 Nivel m\u00e1s el nombre y el logotipo de su empresa incluidos en la presentaci\u00f3n previa<\/p>\n<p>materiales de marketing y promociones hasta 5 d\u00edas antes de la<\/p>\n<p>Mostrar fecha de emisi\u00f3n.<\/p>","protected":false},"featured_media":6768,"template":"","meta":{"inline_featured_image":false,"_themeisle_gutenberg_block_has_review":false},"product_brand":[],"product_cat":[35],"product_tag":[],"class_list":{"0":"post-6767","1":"product","2":"type-product","3":"status-publish","4":"has-post-thumbnail","6":"product_cat-marketing-options","8":"first","9":"instock","10":"virtual","11":"taxable","12":"purchasable","13":"product-type-simple"},"_links":{"self":[{"href":"https:\/\/strategicexceptions.com\/es\/wp-json\/wp\/v2\/product\/6767","targetHints":{"allow":["GET"]}}],"collection":[{"href":"https:\/\/strategicexceptions.com\/es\/wp-json\/wp\/v2\/product"}],"about":[{"href":"https:\/\/strategicexceptions.com\/es\/wp-json\/wp\/v2\/types\/product"}],"wp:featuredmedia":[{"embeddable":true,"href":"https:\/\/strategicexceptions.com\/es\/wp-json\/wp\/v2\/media\/6768"}],"wp:attachment":[{"href":"https:\/\/strategicexceptions.com\/es\/wp-json\/wp\/v2\/media?parent=6767"}],"wp:term":[{"taxonomy":"product_brand","embeddable":true,"href":"https:\/\/strategicexceptions.com\/es\/wp-json\/wp\/v2\/product_brand?post=6767"},{"taxonomy":"product_cat","embeddable":true,"href":"https:\/\/strategicexceptions.com\/es\/wp-json\/wp\/v2\/product_cat?post=6767"},{"taxonomy":"product_tag","embeddable":true,"href":"https:\/\/strategicexceptions.com\/es\/wp-json\/wp\/v2\/product_tag?post=6767"}],"curies":[{"name":"wp","href":"https:\/\/api.w.org\/{rel}","templated":true}]}}