{"id":6931,"date":"2020-11-19T20:33:16","date_gmt":"2020-11-19T20:33:16","guid":{"rendered":"https:\/\/strategicexdev.wpengine.com\/?post_type=product&#038;p=6931"},"modified":"2022-07-25T18:03:10","modified_gmt":"2022-07-25T18:03:10","slug":"whats-all-the-paperwork-about-how-to-get-your-business-ready-for-grants-and-loans","status":"publish","type":"product","link":"https:\/\/strategicexceptions.com\/es\/producto\/whats-all-the-paperwork-about-how-to-get-your-business-ready-for-grants-and-loans\/","title":{"rendered":"\u00bfDe qu\u00e9 se trata todo el papeleo? \u2013 C\u00f3mo preparar su negocio para subvenciones y pr\u00e9stamos"},"content":{"rendered":"<p><b>\u00bfDe qu\u00e9 se trata todo el papeleo? \u00bfC\u00f3mo preparar su negocio para subvenciones y pr\u00e9stamos?<\/b><\/p>\n<p>\u00bfNo est\u00e1 seguro de lo que necesita para obtener fondos de subvenciones o pr\u00e9stamos para su empresa? Si es as\u00ed, \u00a1ESTA es la presentaci\u00f3n para ti! Estas diapositivas de PowerPoint se presentaron durante un seminario web organizado originalmente por el <a href=\"https:\/\/www.wbdc.org\/\" target=\"_blank\" rel=\"noopener noreferrer\">Centro de Desarrollo Empresarial de Mujeres<\/a>\u00a0y facilitado por la CEO de Strategic Exceptions, Terrie Simmons. \u00a1Es uno de los seminarios web mejor calificados para propietarios de peque\u00f1as empresas en 2020!<\/p>\n<p>Esta presentaci\u00f3n lo lleva a trav\u00e9s de TODO lo que necesita para solicitar una subvenci\u00f3n o un pr\u00e9stamo. Conozca la diferencia entre una subvenci\u00f3n y un pr\u00e9stamo, qu\u00e9 papeleo y otros recursos necesita para solicitar, \u00a1y comience a construir su plan para asegurar m\u00e1s fondos para su negocio!<\/p>\n<p>&nbsp;<\/p>\n<p>Su descarga es GRATUITA e incluye SOLAMENTE diapositivas de PowerPoint.<\/p>\n<p>&nbsp;<\/p>\n<p>Hacer clic <a href=\"https:\/\/strategicexceptions.com\/team-member\/terrie-simmons\/\" target=\"_blank\" rel=\"noopener noreferrer\"><strong>AQU\u00cd<\/strong> <\/a>para saber m\u00e1s sobre el presentador <strong><a href=\"https:\/\/strategicexceptions.com\/team-member\/terrie-simmons\/\" target=\"_blank\" rel=\"noopener noreferrer\">Terrie Simmons, CEO de Excepciones Estrat\u00e9gicas.<\/a><\/strong><\/p>","protected":false},"excerpt":{"rendered":"<p><b>\u00bfDe qu\u00e9 se trata todo el papeleo?: \u00bfC\u00f3mo preparar su negocio para subvenciones y pr\u00e9stamos?<\/b><\/p>\n<p>\u00bfNo est\u00e1 seguro de lo que necesita para obtener fondos de subvenciones o pr\u00e9stamos para su empresa? Si es as\u00ed, \u00a1ESTA es la presentaci\u00f3n para ti! Estas diapositivas de PowerPoint se presentaron durante un seminario web organizado originalmente por el <a href=\"https:\/\/www.wbdc.org\/\" target=\"_blank\" rel=\"noopener noreferrer\">Centro de Desarrollo Empresarial de Mujeres<\/a>\u00a0y facilitado por la CEO de Strategic Exceptions, Terrie Simmons. \u00a1Es uno de los seminarios web mejor calificados para propietarios de peque\u00f1as empresas en 2020!<\/p>\n<p>Esta presentaci\u00f3n lo lleva a trav\u00e9s de TODO lo que necesita para solicitar una subvenci\u00f3n o un pr\u00e9stamo. Conozca la diferencia entre una subvenci\u00f3n y un pr\u00e9stamo, qu\u00e9 papeleo y otros recursos necesita para solicitar, \u00a1y comience a construir su plan para asegurar m\u00e1s fondos para su negocio!<\/p>\n<p>&nbsp;<\/p>\n<p>Su descarga es GRATUITA e incluye SOLAMENTE diapositivas de PowerPoint.<\/p>\n<p>&nbsp;<\/p>\n<p>Hacer clic <a href=\"https:\/\/strategicexceptions.com\/meet-terrie\/\" target=\"_blank\" rel=\"noopener noreferrer\"><strong>AQU\u00cd<\/strong> <\/a>para saber m\u00e1s sobre el presentador <strong><a href=\"https:\/\/strategicexceptions.com\/meet-terrie\/\" target=\"_blank\" rel=\"noopener noreferrer\">Terrie Simmons, CEO de Excepciones Estrat\u00e9gicas.<\/a><\/strong><\/p>","protected":false},"featured_media":6932,"template":"","meta":{"inline_featured_image":false,"_themeisle_gutenberg_block_has_review":false},"product_brand":[],"product_cat":[37,36,32],"product_tag":[34],"class_list":{"0":"post-6931","1":"product","2":"type-product","3":"status-publish","4":"has-post-thumbnail","6":"product_cat-business-strategy","7":"product_cat-education","8":"product_cat-merchandise","9":"product_tag-july-sale","11":"first","12":"instock","13":"downloadable","14":"virtual","15":"taxable","16":"purchasable","17":"product-type-simple"},"_links":{"self":[{"href":"https:\/\/strategicexceptions.com\/es\/wp-json\/wp\/v2\/product\/6931","targetHints":{"allow":["GET"]}}],"collection":[{"href":"https:\/\/strategicexceptions.com\/es\/wp-json\/wp\/v2\/product"}],"about":[{"href":"https:\/\/strategicexceptions.com\/es\/wp-json\/wp\/v2\/types\/product"}],"wp:featuredmedia":[{"embeddable":true,"href":"https:\/\/strategicexceptions.com\/es\/wp-json\/wp\/v2\/media\/6932"}],"wp:attachment":[{"href":"https:\/\/strategicexceptions.com\/es\/wp-json\/wp\/v2\/media?parent=6931"}],"wp:term":[{"taxonomy":"product_brand","embeddable":true,"href":"https:\/\/strategicexceptions.com\/es\/wp-json\/wp\/v2\/product_brand?post=6931"},{"taxonomy":"product_cat","embeddable":true,"href":"https:\/\/strategicexceptions.com\/es\/wp-json\/wp\/v2\/product_cat?post=6931"},{"taxonomy":"product_tag","embeddable":true,"href":"https:\/\/strategicexceptions.com\/es\/wp-json\/wp\/v2\/product_tag?post=6931"}],"curies":[{"name":"wp","href":"https:\/\/api.w.org\/{rel}","templated":true}]}}