{"id":7004,"date":"2021-02-18T19:16:37","date_gmt":"2021-02-18T19:16:37","guid":{"rendered":"https:\/\/strategicexdev.wpengine.com\/?post_type=product&#038;p=7004"},"modified":"2022-05-02T04:43:17","modified_gmt":"2022-05-02T04:43:17","slug":"strategic-exceptions-wine-bag","status":"publish","type":"product","link":"https:\/\/strategicexceptions.com\/es\/producto\/strategic-exceptions-wine-bag\/","title":{"rendered":"Bolsa de Vino Excepciones Estrat\u00e9gicas"},"content":{"rendered":"<p>\u00a1Es hora de beber vino con estas EXCLUSIVAS bolsas de vino de excepciones estrat\u00e9gicas! Ya sea que se est\u00e9 poniendo al d\u00eda con su t\u00e9 Terrie Talks o leyendo su libro favorito, estas bolsas de vino son IMPRESCINDIBLES para mantener su vino favorito a la temperatura perfecta. Las bolsas de vino de Strategic Exceptions cuentan con un dise\u00f1o aislado con un asa y vienen en dos colores con frases pegadizas para dejar en claro que est\u00e1s listo para relajarte. \u00a1\u00c9stos hacen grandes regalos y recuerdos!<\/p>","protected":false},"excerpt":{"rendered":"<p>\u00a1Es hora de beber vino con estas EXCLUSIVAS bolsas de vino de excepciones estrat\u00e9gicas! Elige entre dos fant\u00e1sticos colores, ambos con frases divertidas. \u00a1\u00c9stos hacen grandes regalos y recuerdos!<\/p>","protected":false},"featured_media":6992,"template":"","meta":{"inline_featured_image":false,"_themeisle_gutenberg_block_has_review":false},"product_brand":[],"product_cat":[32],"product_tag":[],"class_list":{"0":"post-7004","1":"product","2":"type-product","3":"status-publish","4":"has-post-thumbnail","6":"product_cat-merchandise","8":"first","9":"instock","10":"sale","11":"taxable","12":"shipping-taxable","13":"purchasable","14":"product-type-variable"},"_links":{"self":[{"href":"https:\/\/strategicexceptions.com\/es\/wp-json\/wp\/v2\/product\/7004","targetHints":{"allow":["GET"]}}],"collection":[{"href":"https:\/\/strategicexceptions.com\/es\/wp-json\/wp\/v2\/product"}],"about":[{"href":"https:\/\/strategicexceptions.com\/es\/wp-json\/wp\/v2\/types\/product"}],"wp:featuredmedia":[{"embeddable":true,"href":"https:\/\/strategicexceptions.com\/es\/wp-json\/wp\/v2\/media\/6992"}],"wp:attachment":[{"href":"https:\/\/strategicexceptions.com\/es\/wp-json\/wp\/v2\/media?parent=7004"}],"wp:term":[{"taxonomy":"product_brand","embeddable":true,"href":"https:\/\/strategicexceptions.com\/es\/wp-json\/wp\/v2\/product_brand?post=7004"},{"taxonomy":"product_cat","embeddable":true,"href":"https:\/\/strategicexceptions.com\/es\/wp-json\/wp\/v2\/product_cat?post=7004"},{"taxonomy":"product_tag","embeddable":true,"href":"https:\/\/strategicexceptions.com\/es\/wp-json\/wp\/v2\/product_tag?post=7004"}],"curies":[{"name":"wp","href":"https:\/\/api.w.org\/{rel}","templated":true}]}}