{"id":7105,"date":"2021-05-13T04:55:32","date_gmt":"2021-05-13T04:55:32","guid":{"rendered":"https:\/\/strategicexdev.wpengine.com\/?post_type=product&#038;p=7105"},"modified":"2022-04-29T23:59:41","modified_gmt":"2022-04-29T23:59:41","slug":"business-growth-certification-program","status":"publish","type":"product","link":"https:\/\/strategicexceptions.com\/es\/producto\/business-growth-certification-program\/","title":{"rendered":"Programa de Certificaci\u00f3n de Crecimiento Empresarial"},"content":{"rendered":"<p><iframe loading=\"lazy\" title=\"Testimonios - Briana\" width=\"500\" height=\"281\" src=\"https:\/\/www.youtube.com\/embed\/48mvcQTmoyo?feature=oembed\" frameborder=\"0\" allow=\"accelerometer; autoplay; clipboard-write; encrypted-media; gyroscope; picture-in-picture; web-share\" referrerpolicy=\"strict-origin-when-cross-origin\" allowfullscreen><\/iframe><\/p>","protected":false},"excerpt":{"rendered":"<p>El Programa de Certificaci\u00f3n de Crecimiento Empresarial se trata de aumentar su oportunidad de ganancias en 2 meses... al guiarlo a trav\u00e9s del proceso de obtenci\u00f3n de certificaciones federales para propietarios de empresas minoritarias.<\/p>\n<h3>Beneficios<\/h3>\n<ul>\n<li>100% finalizaci\u00f3n de la certificaci\u00f3n MBE, WBE o WOSB (si se cumplen todos los requisitos del curso)<\/li>\n<li>Acceso a contratos y subcontratos corporativos y gubernamentales<\/li>\n<li>Acceso a subvenciones y pr\u00e9stamos<\/li>\n<li>Mayores oportunidades de crecimiento empresarial, ingresos y exposici\u00f3n<\/li>\n<li>Ayude a los ingresos fiscales y la reputaci\u00f3n de su comunidad.<\/li>\n<\/ul>","protected":false},"featured_media":7107,"template":"","meta":{"inline_featured_image":false,"_themeisle_gutenberg_block_has_review":false},"product_brand":[],"product_cat":[36],"product_tag":[],"class_list":{"0":"post-7105","1":"product","2":"type-product","3":"status-publish","4":"has-post-thumbnail","6":"product_cat-education","8":"first","9":"instock","10":"virtual","11":"purchasable","12":"product-type-simple"},"_links":{"self":[{"href":"https:\/\/strategicexceptions.com\/es\/wp-json\/wp\/v2\/product\/7105","targetHints":{"allow":["GET"]}}],"collection":[{"href":"https:\/\/strategicexceptions.com\/es\/wp-json\/wp\/v2\/product"}],"about":[{"href":"https:\/\/strategicexceptions.com\/es\/wp-json\/wp\/v2\/types\/product"}],"wp:featuredmedia":[{"embeddable":true,"href":"https:\/\/strategicexceptions.com\/es\/wp-json\/wp\/v2\/media\/7107"}],"wp:attachment":[{"href":"https:\/\/strategicexceptions.com\/es\/wp-json\/wp\/v2\/media?parent=7105"}],"wp:term":[{"taxonomy":"product_brand","embeddable":true,"href":"https:\/\/strategicexceptions.com\/es\/wp-json\/wp\/v2\/product_brand?post=7105"},{"taxonomy":"product_cat","embeddable":true,"href":"https:\/\/strategicexceptions.com\/es\/wp-json\/wp\/v2\/product_cat?post=7105"},{"taxonomy":"product_tag","embeddable":true,"href":"https:\/\/strategicexceptions.com\/es\/wp-json\/wp\/v2\/product_tag?post=7105"}],"curies":[{"name":"wp","href":"https:\/\/api.w.org\/{rel}","templated":true}]}}