{"id":7154,"date":"2021-06-07T22:31:55","date_gmt":"2021-06-07T22:31:55","guid":{"rendered":"https:\/\/strategicexdev.wpengine.com\/?post_type=product&#038;p=7154"},"modified":"2022-04-30T00:47:50","modified_gmt":"2022-04-30T00:47:50","slug":"how-to-encourage-customer-loyalty-and-keep-them-coming-back","status":"publish","type":"product","link":"https:\/\/strategicexceptions.com\/es\/producto\/how-to-encourage-customer-loyalty-and-keep-them-coming-back\/","title":{"rendered":"How to Encourage Customer Loyalty and Keep Them Coming Back"},"content":{"rendered":"<p>The goal of customer retention is to keep your existing customers. In this workshop, we will explore some sure-fire tips on customer service to help you create a customer retention program so that you can keep them coming back&#8230; These PowerPoint slides were presented during a webinar originally hosted by the <a href=\"https:\/\/www.wbdc.org\/\" target=\"_blank\" rel=\"noopener noreferrer\">Centro de Desarrollo Empresarial de Mujeres<\/a> y facilitado por la CEO de Strategic Exceptions, Terrie Simmons.<\/p>\n<p>This presentation takes you through 6 steps to get and keep your customers. We have also included Terrie&#8217;s free Client Retention Assessment so you can do some business spring cleaning by reviewing your business processes and addressing the gaps.<\/p>\n<p>Your download is FREE and includes PowerPoint slides and Terrie&#8217;s Client Retention Assessment ONLY.<\/p>\n<p><a href=\"https:\/\/strategicexceptions.com\/meet-terrie\/\" target=\"_blank\" rel=\"noopener noreferrer\">Obtenga m\u00e1s informaci\u00f3n sobre la presentadora Terrie Simmons, directora ejecutiva de Excepciones estrat\u00e9gicas.<\/a><\/p>","protected":false},"excerpt":{"rendered":"<p>Estas diapositivas de PowerPoint se presentaron durante un seminario web organizado originalmente por el <a href=\"https:\/\/www.wbdc.org\/\" target=\"_blank\" rel=\"noopener noreferrer\">Centro de Desarrollo Empresarial de Mujeres<\/a> y facilitado por la CEO de Strategic Exceptions, Terrie Simmons.<\/p>\n<p>Your download is FREE and includes PowerPoint slides and Terrie&#8217;s Client Retention Assessment ONLY.<\/p>","protected":false},"featured_media":7155,"template":"","meta":{"inline_featured_image":false,"_themeisle_gutenberg_block_has_review":false},"product_brand":[],"product_cat":[37],"product_tag":[],"class_list":{"0":"post-7154","1":"product","2":"type-product","3":"status-publish","4":"has-post-thumbnail","6":"product_cat-business-strategy","8":"first","9":"instock","10":"downloadable","11":"virtual","12":"taxable","13":"purchasable","14":"product-type-simple"},"_links":{"self":[{"href":"https:\/\/strategicexceptions.com\/es\/wp-json\/wp\/v2\/product\/7154","targetHints":{"allow":["GET"]}}],"collection":[{"href":"https:\/\/strategicexceptions.com\/es\/wp-json\/wp\/v2\/product"}],"about":[{"href":"https:\/\/strategicexceptions.com\/es\/wp-json\/wp\/v2\/types\/product"}],"wp:featuredmedia":[{"embeddable":true,"href":"https:\/\/strategicexceptions.com\/es\/wp-json\/wp\/v2\/media\/7155"}],"wp:attachment":[{"href":"https:\/\/strategicexceptions.com\/es\/wp-json\/wp\/v2\/media?parent=7154"}],"wp:term":[{"taxonomy":"product_brand","embeddable":true,"href":"https:\/\/strategicexceptions.com\/es\/wp-json\/wp\/v2\/product_brand?post=7154"},{"taxonomy":"product_cat","embeddable":true,"href":"https:\/\/strategicexceptions.com\/es\/wp-json\/wp\/v2\/product_cat?post=7154"},{"taxonomy":"product_tag","embeddable":true,"href":"https:\/\/strategicexceptions.com\/es\/wp-json\/wp\/v2\/product_tag?post=7154"}],"curies":[{"name":"wp","href":"https:\/\/api.w.org\/{rel}","templated":true}]}}